{"id":1515,"date":"2023-09-11T19:34:48","date_gmt":"2023-09-11T19:34:48","guid":{"rendered":"https:\/\/firmatech.io\/casos-de-uso\/"},"modified":"2024-05-06T19:11:16","modified_gmt":"2024-05-06T19:11:16","slug":"casos-de-uso","status":"publish","type":"page","link":"https:\/\/firmatech.io\/en\/casos-de-uso\/","title":{"rendered":"Use Cases"},"content":{"rendered":"<div class=\"wpb-content-wrapper\"><p>[vc_section conditional_render=&#8221;%5B%7B%22value_role%22%3A%22administrator%22%7D%5D&#8221; css=&#8221;.vc_custom_1694455216794{padding-top: 50px !important;padding-bottom: 35px !important;background-color: rgba(43,99,217,0.06) !important;*background-color: rgb(43,99,217) !important;}&#8221; el_class=&#8221;content-float-header&#8221;][vc_row css=&#8221;.vc_custom_1694454348741{padding-bottom: 25px !important;}&#8221; conditional_render=&#8221;%5B%7B%22value_role%22%3A%22administrator%22%7D%5D&#8221;][vc_column offset=&#8221;vc_col-md-offset-3 vc_col-md-6&#8243; conditional_render=&#8221;%5B%7B%22value_role%22%3A%22administrator%22%7D%5D&#8221;]<div class=\"porto-u-heading  wpb_custom_db37236efc069e0dce1184b277a9b870 porto-u-8173 \"><div class=\"porto-u-main-heading\"><h2   style=\"color:#2b63d9;margin-bottom: 5px;\">Transform Your Organization with Qualified Electronic Signature<\/h2><\/div><div class=\"porto-u-sub-heading\" style=\"\">Use Cases<\/div><style>.porto-u-8173.porto-u-heading{text-align:center}<\/style><\/div>[\/vc_column][\/vc_row][vc_row el_class=&#8221;img-float-header&#8221; conditional_render=&#8221;%5B%7B%22value_role%22%3A%22administrator%22%7D%5D&#8221;][vc_column][vc_single_image image=&#8221;954&#8243; img_size=&#8221;full&#8221; alignment=&#8221;center&#8221; css=&#8221;.vc_custom_1694454941539{margin-bottom: 0px !important;}&#8221;][\/vc_column][\/vc_row][\/vc_section][vc_section css=&#8221;.vc_custom_1694460528526{padding-top: 50px !important;padding-bottom: 35px !important;}&#8221; conditional_render=&#8221;%5B%7B%22value_role%22%3A%22administrator%22%7D%5D&#8221;][vc_row wrap_container=&#8221;yes&#8221; conditional_render=&#8221;%5B%7B%22value_role%22%3A%22administrator%22%7D%5D&#8221; css=&#8221;.vc_custom_1703775844142{padding-top: 25px !important;}&#8221; el_class=&#8221;text-justify&#8221;][vc_column width=&#8221;1\/2&#8243; offset=&#8221;vc_col-md-4&#8243; conditional_render=&#8221;%5B%7B%22value_role%22%3A%22administrator%22%7D%5D&#8221;]<div class=\"porto-sicon-box content-services  wpb_custom_594117b1176c997f91a7cdad7559ff6c style_1 top-icon\"><div class=\"porto-sicon-top\"><div id=\"porto-icon-156689328269da0db91cc90\" class=\"porto-just-icon-wrapper porto-sicon-img\" style=\"font-size: 70px;\"><img loading=\"lazy\" decoding=\"async\" class=\"img-icon\" alt=\"\" src=\"https:\/\/firmatech.io\/wp-content\/uploads\/2023\/07\/firma-factura-w.svg\" width=\"1\" height=\"1\" \/><\/div><\/div><div class=\"porto-sicon-header\"><h3 class=\"porto-sicon-title\" style=\"\">Electronic Invoicing<\/h3><\/div> <!-- header --><div class=\"porto-sicon-description\" style=\"\">Accredited by the public registry of Panama. The Revenue Directorate \u2013 DGI, requires that the authenticity of the origin and integrity of the content of the electronic invoice be guaranteed. For this, an issued electronic signature certificate is used.<\/p>\n<div class=\"btn-ver-mas\"><a href=\"https:\/\/firmatech.io\/en\/information\/\">Contact <img decoding=\"async\" src=\"https:\/\/firmatech.io\/wp-content\/uploads\/2023\/07\/arrow-b.svg\"><\/a><\/div>\n<p><\/div> <!-- description --><\/div><!-- porto-sicon-box -->[\/vc_column][vc_column width=&#8221;1\/2&#8243; offset=&#8221;vc_col-md-4&#8243; conditional_render=&#8221;%5B%7B%22value_role%22%3A%22administrator%22%7D%5D&#8221;]<div class=\"porto-sicon-box content-services  wpb_custom_594117b1176c997f91a7cdad7559ff6c style_1 top-icon\"><div class=\"porto-sicon-top\"><div id=\"porto-icon-98528097569da0db91d712\" class=\"porto-just-icon-wrapper porto-sicon-img\" style=\"font-size: 70px;\"><img loading=\"lazy\" decoding=\"async\" class=\"img-icon\" alt=\"\" src=\"https:\/\/firmatech.io\/wp-content\/uploads\/2023\/12\/banca.svg\" width=\"1\" height=\"1\" \/><\/div><\/div><div class=\"porto-sicon-header\"><h3 class=\"porto-sicon-title\" style=\"\">Banking and Fintech<\/h3><\/div> <!-- header --><div class=\"porto-sicon-description\" style=\"\">Signing of credits, microcredits, financial products, account opening, client data updates, transaction signing, receipts and account statements to licensed and qualified professionals.<\/p>\n<div class=\"btn-ver-mas\"><a href=\"#\">Open Account<img decoding=\"async\" src=\"https:\/\/firmatech.io\/wp-content\/uploads\/2023\/07\/arrow-b.svg\" \/><\/a><\/div>\n<p><\/div> <!-- description --><\/div><!-- porto-sicon-box -->[\/vc_column][vc_column width=&#8221;1\/2&#8243; offset=&#8221;vc_col-md-4&#8243; conditional_render=&#8221;%5B%7B%22value_role%22%3A%22administrator%22%7D%5D&#8221;]<div class=\"porto-sicon-box content-services  wpb_custom_594117b1176c997f91a7cdad7559ff6c style_1 top-icon\"><div class=\"porto-sicon-top\"><div id=\"porto-icon-213828442569da0db91e14e\" class=\"porto-just-icon-wrapper porto-sicon-img\" style=\"font-size: 70px;\"><img loading=\"lazy\" decoding=\"async\" class=\"img-icon\" alt=\"\" src=\"https:\/\/firmatech.io\/wp-content\/uploads\/2023\/09\/seguros-w.svg\" width=\"1\" height=\"1\" \/><\/div><\/div><div class=\"porto-sicon-header\"><h3 class=\"porto-sicon-title\" style=\"\">Insurance<\/h3><\/div> <!-- header --><div class=\"porto-sicon-description\" style=\"\">Hiring, acceptance of terms and conditions, notifications, policy cancellations to licensed and qualified professionals.<\/p>\n<div class=\"btn-ver-mas\"><a href=\"https:\/\/firmatech.io\/en\/information\/\">Contact <img decoding=\"async\" src=\"https:\/\/firmatech.io\/wp-content\/uploads\/2023\/07\/arrow-b.svg\" \/><\/a><\/div>\n<p><\/div> <!-- description --><\/div><!-- porto-sicon-box -->[\/vc_column][vc_column width=&#8221;1\/2&#8243; offset=&#8221;vc_col-md-4&#8243; conditional_render=&#8221;%5B%7B%22value_role%22%3A%22administrator%22%7D%5D&#8221;]<div class=\"porto-sicon-box content-services  wpb_custom_594117b1176c997f91a7cdad7559ff6c style_1 top-icon\"><div class=\"porto-sicon-top\"><div id=\"porto-icon-202404485669da0db91ebaf\" class=\"porto-just-icon-wrapper porto-sicon-img\" style=\"font-size: 70px;\"><img loading=\"lazy\" decoding=\"async\" class=\"img-icon\" alt=\"\" src=\"https:\/\/firmatech.io\/wp-content\/uploads\/2023\/07\/selladfo-w.svg\" width=\"1\" height=\"1\" \/><\/div><\/div><div class=\"porto-sicon-header\"><h3 class=\"porto-sicon-title\" style=\"\">Telecommunications<\/h3><\/div> <!-- header --><div class=\"porto-sicon-description\" style=\"\">Signing medical records, employment contracts, confidentiality agreements, electronic prescriptions, and analysis and test results.<\/p>\n<div class=\"btn-ver-mas\"><a href=\"https:\/\/firmatech.io\/en\/information\/\">Contact <img decoding=\"async\" src=\"https:\/\/firmatech.io\/wp-content\/uploads\/2023\/07\/arrow-b.svg\"><\/a><\/div>\n<p><\/div> <!-- description --><\/div><!-- porto-sicon-box -->[\/vc_column][vc_column width=&#8221;1\/2&#8243; offset=&#8221;vc_col-md-4&#8243; conditional_render=&#8221;%5B%7B%22value_role%22%3A%22administrator%22%7D%5D&#8221;]<div class=\"porto-sicon-box content-services  wpb_custom_594117b1176c997f91a7cdad7559ff6c style_1 top-icon\"><div class=\"porto-sicon-top\"><div id=\"porto-icon-144665869169da0db91f617\" class=\"porto-just-icon-wrapper porto-sicon-img\" style=\"font-size: 70px;\"><img loading=\"lazy\" decoding=\"async\" class=\"img-icon\" alt=\"\" src=\"https:\/\/firmatech.io\/wp-content\/uploads\/2023\/12\/salud.svg\" width=\"1\" height=\"1\" \/><\/div><\/div><div class=\"porto-sicon-header\"><h3 class=\"porto-sicon-title\" style=\"\">Health<\/h3><\/div> <!-- header --><div class=\"porto-sicon-description\" style=\"\">In the context of healthcare, electronic signatures can be used for signing medical records, employment contracts, confidentiality agreements, electronic prescriptions, and the acknowledgment of analysis and test results.<\/p>\n<div class=\"btn-ver-mas\"><a href=\"https:\/\/firmatech.io\/en\/information\/\">Contact <img decoding=\"async\" src=\"https:\/\/firmatech.io\/wp-content\/uploads\/2023\/07\/arrow-b.svg\"><\/a><\/div>\n<p><\/div> <!-- description --><\/div><!-- porto-sicon-box -->[\/vc_column][vc_column width=&#8221;1\/2&#8243; offset=&#8221;vc_col-md-4&#8243; conditional_render=&#8221;%5B%7B%22value_role%22%3A%22administrator%22%7D%5D&#8221;]<div class=\"porto-sicon-box content-services  wpb_custom_594117b1176c997f91a7cdad7559ff6c style_1 top-icon\"><div class=\"porto-sicon-top\"><div id=\"porto-icon-37616453169da0db920039\" class=\"porto-just-icon-wrapper porto-sicon-img\" style=\"font-size: 70px;\"><img loading=\"lazy\" decoding=\"async\" class=\"img-icon\" alt=\"\" src=\"https:\/\/firmatech.io\/wp-content\/uploads\/2023\/07\/sello-electronico-w.svg\" width=\"1\" height=\"1\" \/><\/div><\/div><div class=\"porto-sicon-header\"><h3 class=\"porto-sicon-title\" style=\"\">Professional Associations<\/h3><\/div> <!-- header --><div class=\"porto-sicon-description\" style=\"\">Issuance of electronic signature for accredited professionals.<\/p>\n<div class=\"btn-ver-mas\"><a href=\"https:\/\/firmatech.io\/en\/information\/\">Contact <img decoding=\"async\" src=\"https:\/\/firmatech.io\/wp-content\/uploads\/2023\/07\/arrow-b.svg\"><\/a><\/div>\n<p><\/div> <!-- description --><\/div><!-- porto-sicon-box -->[\/vc_column][vc_column width=&#8221;1\/2&#8243; offset=&#8221;vc_col-md-4&#8243; conditional_render=&#8221;%5B%7B%22value_role%22%3A%22administrator%22%7D%5D&#8221;]<div class=\"porto-sicon-box content-services  wpb_custom_594117b1176c997f91a7cdad7559ff6c style_1 top-icon\"><div class=\"porto-sicon-top\"><div id=\"porto-icon-201183028869da0db920a50\" class=\"porto-just-icon-wrapper porto-sicon-img\" style=\"font-size: 70px;\"><img loading=\"lazy\" decoding=\"async\" class=\"img-icon\" alt=\"\" src=\"https:\/\/firmatech.io\/wp-content\/uploads\/2023\/09\/user-w.svg\" width=\"1\" height=\"1\" \/><\/div><\/div><div class=\"porto-sicon-header\"><h3 class=\"porto-sicon-title\" style=\"\">Human Resources<\/h3><\/div> <!-- header --><div class=\"porto-sicon-description\" style=\"\">Pay stubs, communications and notifications, confidentiality agreements, employment contracts.<\/p>\n<div class=\"btn-ver-mas\"><a href=\"https:\/\/firmatech.io\/en\/information\/\">Contact <img decoding=\"async\" src=\"https:\/\/firmatech.io\/wp-content\/uploads\/2023\/07\/arrow-b.svg\"><\/a><\/div>\n<p><\/div> <!-- description --><\/div><!-- porto-sicon-box -->[\/vc_column][vc_column width=&#8221;1\/2&#8243; offset=&#8221;vc_col-md-4&#8243; conditional_render=&#8221;%5B%7B%22value_role%22%3A%22administrator%22%7D%5D&#8221;]<div class=\"porto-sicon-box content-services  wpb_custom_594117b1176c997f91a7cdad7559ff6c style_1 top-icon\"><div class=\"porto-sicon-top\"><div id=\"porto-icon-204881540169da0db921478\" class=\"porto-just-icon-wrapper porto-sicon-img\" style=\"font-size: 70px;\"><img loading=\"lazy\" decoding=\"async\" class=\"img-icon\" alt=\"\" src=\"https:\/\/firmatech.io\/wp-content\/uploads\/2023\/09\/personas.svg\" width=\"1\" height=\"1\" \/><\/div><\/div><div class=\"porto-sicon-header\"><h3 class=\"porto-sicon-title\" style=\"\">Government<\/h3><\/div> <!-- header --><div class=\"porto-sicon-description\" style=\"\">Taxpayer requests, internal and external process digitization, notifications, official communications, contract signing.<\/p>\n<div class=\"btn-ver-mas\"><a href=\"https:\/\/firmatech.io\/en\/information\/\">Contact <img decoding=\"async\" src=\"https:\/\/firmatech.io\/wp-content\/uploads\/2023\/07\/arrow-b.svg\"><\/a><\/div>\n<p><\/div> <!-- description --><\/div><!-- porto-sicon-box -->[\/vc_column][\/vc_row][\/vc_section][vc_section el_class=&#8221;bg-az-light&#8221; conditional_render=&#8221;%5B%7B%22value_role%22%3A%22administrator%22%7D%5D&#8221;][vc_row css=&#8221;.vc_custom_1694453614889{padding-top: 50px !important;padding-bottom: 60px !important;}&#8221; conditional_render=&#8221;%5B%7B%22value_role%22%3A%22administrator%22%7D%5D&#8221;][vc_column offset=&#8221;vc_col-md-offset-3 vc_col-md-6&#8243; conditional_render=&#8221;%5B%7B%22value_role%22%3A%22administrator%22%7D%5D&#8221; el_class=&#8221;px-lg-5&#8243;]<div class=\"porto-u-heading  wpb_custom_95aa9a11c17ad45cfabaf210d84ee7cc porto-u-1026 \"><div class=\"porto-u-main-heading\"><h2  >Write to us to assign you an expert.<\/h2><\/div><style>.porto-u-1026.porto-u-heading{text-align:center}<\/style><\/div>[vc_raw_html css=&#8221;.vc_custom_1713989015833{margin-bottom: 10px !important;padding-top: 25px !important;}&#8221; el_class=&#8221;content-services btn-white&#8221;]JTNDZGl2JTIwY2xhc3MlM0QlMjJidG4tdmVyLW1hcyUyMGZvbmRvJTIyJTNFJTBBJTIwJTIwJTNDYSUyMGhyZWYlM0QlMjJodHRwcyUzQSUyRiUyRmZpcm1hdGVjaC5pbyUyRmVuJTJGaW5mb3JtYXRpb24lMkYlMjIlM0VDb250YWN0JTIwVXMlMjAlM0NpbWclMjBzcmMlM0QlMjJodHRwcyUzQSUyRiUyRmZpcm1hdGVjaC5pbyUyRndwLWNvbnRlbnQlMkZ1cGxvYWRzJTJGMjAyMyUyRjA3JTJGYXJyb3ctdy5zdmclMjIlM0UlM0MlMkZhJTNFJTBBJTNDJTJGZGl2JTNF[\/vc_raw_html][\/vc_column][\/vc_row][\/vc_section]<\/p>\n<\/div>","protected":false},"excerpt":{"rendered":"<p>[vc_section conditional_render=&#8221;%5B%7B%22value_role%22%3A%22administrator%22%7D%5D&#8221; css=&#8221;.vc_custom_1694455216794{padding-top: 50px !important;padding-bottom: 35px !important;background-color: rgba(43,99,217,0.06) !important;*background-color: rgb(43,99,217) !important;}&#8221; el_class=&#8221;content-float-header&#8221;][vc_row css=&#8221;.vc_custom_1694454348741{padding-bottom: 25px !important;}&#8221; conditional_render=&#8221;%5B%7B%22value_role%22%3A%22administrator%22%7D%5D&#8221;][vc_column offset=&#8221;vc_col-md-offset-3 vc_col-md-6&#8243; conditional_render=&#8221;%5B%7B%22value_role%22%3A%22administrator%22%7D%5D&#8221;][\/vc_column][\/vc_row][vc_row el_class=&#8221;img-float-header&#8221; conditional_render=&#8221;%5B%7B%22value_role%22%3A%22administrator%22%7D%5D&#8221;][vc_column][vc_single_image image=&#8221;954&#8243; img_size=&#8221;full&#8221; alignment=&#8221;center&#8221; css=&#8221;.vc_custom_1694454941539{margin-bottom: 0px !important;}&#8221;][\/vc_column][\/vc_row][\/vc_section][vc_section css=&#8221;.vc_custom_1694460528526{padding-top: 50px !important;padding-bottom: 35px !important;}&#8221; conditional_render=&#8221;%5B%7B%22value_role%22%3A%22administrator%22%7D%5D&#8221;][vc_row wrap_container=&#8221;yes&#8221; conditional_render=&#8221;%5B%7B%22value_role%22%3A%22administrator%22%7D%5D&#8221; css=&#8221;.vc_custom_1703775844142{padding-top: 25px !important;}&#8221; el_class=&#8221;text-justify&#8221;][vc_column width=&#8221;1\/2&#8243; offset=&#8221;vc_col-md-4&#8243; conditional_render=&#8221;%5B%7B%22value_role%22%3A%22administrator%22%7D%5D&#8221;][\/vc_column][vc_column width=&#8221;1\/2&#8243; offset=&#8221;vc_col-md-4&#8243; conditional_render=&#8221;%5B%7B%22value_role%22%3A%22administrator%22%7D%5D&#8221;][\/vc_column][vc_column width=&#8221;1\/2&#8243; offset=&#8221;vc_col-md-4&#8243; conditional_render=&#8221;%5B%7B%22value_role%22%3A%22administrator%22%7D%5D&#8221;][\/vc_column][vc_column width=&#8221;1\/2&#8243; offset=&#8221;vc_col-md-4&#8243; conditional_render=&#8221;%5B%7B%22value_role%22%3A%22administrator%22%7D%5D&#8221;][\/vc_column][vc_column width=&#8221;1\/2&#8243; offset=&#8221;vc_col-md-4&#8243; conditional_render=&#8221;%5B%7B%22value_role%22%3A%22administrator%22%7D%5D&#8221;][\/vc_column][vc_column width=&#8221;1\/2&#8243; [&hellip;]<\/p>\n","protected":false},"author":1,"featured_media":0,"parent":0,"menu_order":0,"comment_status":"closed","ping_status":"closed","template":"","meta":{"_acf_changed":false,"inline_featured_image":false,"footnotes":""},"class_list":["post-1515","page","type-page","status-publish","hentry"],"acf":[],"yoast_head":"<!-- This site is optimized with the Yoast SEO plugin v23.0 - https:\/\/yoast.com\/wordpress\/plugins\/seo\/ -->\n<title>Use Cases | FirmaTech<\/title>\n<meta name=\"description\" content=\"Somos expertos en firma eletr\u00f3nica y emisores en proceso de acreditaci\u00f3n de firma elextr\u00f3nica calificad\" \/>\n<meta name=\"robots\" content=\"index, follow, max-snippet:-1, max-image-preview:large, max-video-preview:-1\" \/>\n<link rel=\"canonical\" href=\"https:\/\/firmatech.io\/casos-de-uso\/\" \/>\n<meta property=\"og:locale\" content=\"en_US\" \/>\n<meta property=\"og:type\" content=\"article\" \/>\n<meta property=\"og:title\" content=\"Use Cases | FirmaTech\" \/>\n<meta property=\"og:description\" content=\"Somos expertos en firma eletr\u00f3nica y emisores en proceso de acreditaci\u00f3n de firma elextr\u00f3nica calificad\" \/>\n<meta property=\"og:url\" content=\"https:\/\/firmatech.io\/casos-de-uso\/\" \/>\n<meta property=\"og:site_name\" content=\"FirmaTech\" \/>\n<meta property=\"article:modified_time\" content=\"2024-05-06T19:11:16+00:00\" \/>\n<meta property=\"og:image\" content=\"https:\/\/firmatech.io\/wp-content\/uploads\/2023\/07\/arrow-b.svg\" \/>\n<meta name=\"twitter:card\" content=\"summary_large_image\" \/>\n<meta name=\"twitter:label1\" content=\"Est. reading time\" \/>\n\t<meta name=\"twitter:data1\" content=\"5 minutes\" \/>\n<script type=\"application\/ld+json\" class=\"yoast-schema-graph\">{\"@context\":\"https:\/\/schema.org\",\"@graph\":[{\"@type\":\"WebPage\",\"@id\":\"https:\/\/firmatech.io\/casos-de-uso\/\",\"url\":\"https:\/\/firmatech.io\/casos-de-uso\/\",\"name\":\"Use Cases | FirmaTech\",\"isPartOf\":{\"@id\":\"https:\/\/firmatech.io\/#website\"},\"primaryImageOfPage\":{\"@id\":\"https:\/\/firmatech.io\/casos-de-uso\/#primaryimage\"},\"image\":{\"@id\":\"https:\/\/firmatech.io\/casos-de-uso\/#primaryimage\"},\"thumbnailUrl\":\"https:\/\/firmatech.io\/wp-content\/uploads\/2023\/07\/arrow-b.svg\",\"datePublished\":\"2023-09-11T19:34:48+00:00\",\"dateModified\":\"2024-05-06T19:11:16+00:00\",\"description\":\"Somos expertos en firma eletr\u00f3nica y emisores en proceso de acreditaci\u00f3n de firma elextr\u00f3nica calificad\",\"breadcrumb\":{\"@id\":\"https:\/\/firmatech.io\/casos-de-uso\/#breadcrumb\"},\"inLanguage\":\"en-US\",\"potentialAction\":[{\"@type\":\"ReadAction\",\"target\":[\"https:\/\/firmatech.io\/casos-de-uso\/\"]}]},{\"@type\":\"ImageObject\",\"inLanguage\":\"en-US\",\"@id\":\"https:\/\/firmatech.io\/casos-de-uso\/#primaryimage\",\"url\":\"https:\/\/firmatech.io\/wp-content\/uploads\/2023\/07\/arrow-b.svg\",\"contentUrl\":\"https:\/\/firmatech.io\/wp-content\/uploads\/2023\/07\/arrow-b.svg\"},{\"@type\":\"BreadcrumbList\",\"@id\":\"https:\/\/firmatech.io\/casos-de-uso\/#breadcrumb\",\"itemListElement\":[{\"@type\":\"ListItem\",\"position\":1,\"name\":\"Portada\",\"item\":\"https:\/\/firmatech.io\/en\/\"},{\"@type\":\"ListItem\",\"position\":2,\"name\":\"Use Cases\"}]},{\"@type\":\"WebSite\",\"@id\":\"https:\/\/firmatech.io\/#website\",\"url\":\"https:\/\/firmatech.io\/\",\"name\":\"FirmaTech\",\"description\":\"Somos expertos en firma eletr\u00f3nica y emisores en proceso de acreditaci\u00f3n de firma elextr\u00f3nica calificad\",\"publisher\":{\"@id\":\"https:\/\/firmatech.io\/#organization\"},\"alternateName\":\"FirmaTech\",\"potentialAction\":[{\"@type\":\"SearchAction\",\"target\":{\"@type\":\"EntryPoint\",\"urlTemplate\":\"https:\/\/firmatech.io\/?s={search_term_string}\"},\"query-input\":\"required name=search_term_string\"}],\"inLanguage\":\"en-US\"},{\"@type\":\"Organization\",\"@id\":\"https:\/\/firmatech.io\/#organization\",\"name\":\"FirmaTech\",\"alternateName\":\"Firma Tech\",\"url\":\"https:\/\/firmatech.io\/\",\"logo\":{\"@type\":\"ImageObject\",\"inLanguage\":\"en-US\",\"@id\":\"https:\/\/firmatech.io\/#\/schema\/logo\/image\/\",\"url\":\"https:\/\/firmatech.io\/wp-content\/uploads\/2023\/07\/favicon.png\",\"contentUrl\":\"https:\/\/firmatech.io\/wp-content\/uploads\/2023\/07\/favicon.png\",\"width\":512,\"height\":512,\"caption\":\"FirmaTech\"},\"image\":{\"@id\":\"https:\/\/firmatech.io\/#\/schema\/logo\/image\/\"}}]}<\/script>\n<!-- \/ Yoast SEO plugin. -->","yoast_head_json":{"title":"Use Cases | FirmaTech","description":"Somos expertos en firma eletr\u00f3nica y emisores en proceso de acreditaci\u00f3n de firma elextr\u00f3nica calificad","robots":{"index":"index","follow":"follow","max-snippet":"max-snippet:-1","max-image-preview":"max-image-preview:large","max-video-preview":"max-video-preview:-1"},"canonical":"https:\/\/firmatech.io\/casos-de-uso\/","og_locale":"en_US","og_type":"article","og_title":"Use Cases | FirmaTech","og_description":"Somos expertos en firma eletr\u00f3nica y emisores en proceso de acreditaci\u00f3n de firma elextr\u00f3nica calificad","og_url":"https:\/\/firmatech.io\/casos-de-uso\/","og_site_name":"FirmaTech","article_modified_time":"2024-05-06T19:11:16+00:00","og_image":[{"url":"https:\/\/firmatech.io\/wp-content\/uploads\/2023\/07\/arrow-b.svg"}],"twitter_card":"summary_large_image","twitter_misc":{"Est. reading time":"5 minutes"},"schema":{"@context":"https:\/\/schema.org","@graph":[{"@type":"WebPage","@id":"https:\/\/firmatech.io\/casos-de-uso\/","url":"https:\/\/firmatech.io\/casos-de-uso\/","name":"Use Cases | FirmaTech","isPartOf":{"@id":"https:\/\/firmatech.io\/#website"},"primaryImageOfPage":{"@id":"https:\/\/firmatech.io\/casos-de-uso\/#primaryimage"},"image":{"@id":"https:\/\/firmatech.io\/casos-de-uso\/#primaryimage"},"thumbnailUrl":"https:\/\/firmatech.io\/wp-content\/uploads\/2023\/07\/arrow-b.svg","datePublished":"2023-09-11T19:34:48+00:00","dateModified":"2024-05-06T19:11:16+00:00","description":"Somos expertos en firma eletr\u00f3nica y emisores en proceso de acreditaci\u00f3n de firma elextr\u00f3nica calificad","breadcrumb":{"@id":"https:\/\/firmatech.io\/casos-de-uso\/#breadcrumb"},"inLanguage":"en-US","potentialAction":[{"@type":"ReadAction","target":["https:\/\/firmatech.io\/casos-de-uso\/"]}]},{"@type":"ImageObject","inLanguage":"en-US","@id":"https:\/\/firmatech.io\/casos-de-uso\/#primaryimage","url":"https:\/\/firmatech.io\/wp-content\/uploads\/2023\/07\/arrow-b.svg","contentUrl":"https:\/\/firmatech.io\/wp-content\/uploads\/2023\/07\/arrow-b.svg"},{"@type":"BreadcrumbList","@id":"https:\/\/firmatech.io\/casos-de-uso\/#breadcrumb","itemListElement":[{"@type":"ListItem","position":1,"name":"Portada","item":"https:\/\/firmatech.io\/en\/"},{"@type":"ListItem","position":2,"name":"Use Cases"}]},{"@type":"WebSite","@id":"https:\/\/firmatech.io\/#website","url":"https:\/\/firmatech.io\/","name":"FirmaTech","description":"Somos expertos en firma eletr\u00f3nica y emisores en proceso de acreditaci\u00f3n de firma elextr\u00f3nica calificad","publisher":{"@id":"https:\/\/firmatech.io\/#organization"},"alternateName":"FirmaTech","potentialAction":[{"@type":"SearchAction","target":{"@type":"EntryPoint","urlTemplate":"https:\/\/firmatech.io\/?s={search_term_string}"},"query-input":"required name=search_term_string"}],"inLanguage":"en-US"},{"@type":"Organization","@id":"https:\/\/firmatech.io\/#organization","name":"FirmaTech","alternateName":"Firma Tech","url":"https:\/\/firmatech.io\/","logo":{"@type":"ImageObject","inLanguage":"en-US","@id":"https:\/\/firmatech.io\/#\/schema\/logo\/image\/","url":"https:\/\/firmatech.io\/wp-content\/uploads\/2023\/07\/favicon.png","contentUrl":"https:\/\/firmatech.io\/wp-content\/uploads\/2023\/07\/favicon.png","width":512,"height":512,"caption":"FirmaTech"},"image":{"@id":"https:\/\/firmatech.io\/#\/schema\/logo\/image\/"}}]}},"_links":{"self":[{"href":"https:\/\/firmatech.io\/en\/wp-json\/wp\/v2\/pages\/1515"}],"collection":[{"href":"https:\/\/firmatech.io\/en\/wp-json\/wp\/v2\/pages"}],"about":[{"href":"https:\/\/firmatech.io\/en\/wp-json\/wp\/v2\/types\/page"}],"author":[{"embeddable":true,"href":"https:\/\/firmatech.io\/en\/wp-json\/wp\/v2\/users\/1"}],"replies":[{"embeddable":true,"href":"https:\/\/firmatech.io\/en\/wp-json\/wp\/v2\/comments?post=1515"}],"version-history":[{"count":6,"href":"https:\/\/firmatech.io\/en\/wp-json\/wp\/v2\/pages\/1515\/revisions"}],"predecessor-version":[{"id":1874,"href":"https:\/\/firmatech.io\/en\/wp-json\/wp\/v2\/pages\/1515\/revisions\/1874"}],"wp:attachment":[{"href":"https:\/\/firmatech.io\/en\/wp-json\/wp\/v2\/media?parent=1515"}],"curies":[{"name":"wp","href":"https:\/\/api.w.org\/{rel}","templated":true}]}}