{"id":1518,"date":"2024-01-12T15:20:26","date_gmt":"2024-01-12T15:20:26","guid":{"rendered":"https:\/\/firmatech.io\/servicios-de-certificacion\/"},"modified":"2024-04-24T20:32:51","modified_gmt":"2024-04-24T20:32:51","slug":"servicios-de-certificacion","status":"publish","type":"page","link":"https:\/\/firmatech.io\/en\/servicios-de-certificacion\/","title":{"rendered":"Servicios de Certificaci\u00f3n"},"content":{"rendered":"<div class=\"wpb-content-wrapper\"><p>[vc_section conditional_render=&#8221;%5B%7B%22value_role%22%3A%22administrator%22%7D%5D&#8221; css=&#8221;.vc_custom_1694454743375{padding-top: 50px !important;padding-bottom: 35px !important;background-color: rgba(43,99,217,0.06) !important;*background-color: rgb(43,99,217) !important;}&#8221; el_class=&#8221;content-float-header&#8221;][vc_row css=&#8221;.vc_custom_1690487554998{padding-bottom: 25px !important;}&#8221; conditional_render=&#8221;%5B%7B%22value_role%22%3A%22administrator%22%7D%5D&#8221;][vc_column offset=&#8221;vc_col-md-offset-3 vc_col-md-6&#8243; conditional_render=&#8221;%5B%7B%22value_role%22%3A%22administrator%22%7D%5D&#8221;]<div class=\"porto-u-heading  wpb_custom_db37236efc069e0dce1184b277a9b870 porto-u-4325 \"><div class=\"porto-u-main-heading\"><h2   style=\"color:#2b63d9;margin-bottom: 5px;\">Electronic Signature with the same legal value as the handwritten one<\/h2><\/div><div class=\"porto-u-sub-heading\" style=\"\">Certification<br \/>\nServices<\/div><style>.porto-u-4325.porto-u-heading{text-align:center}<\/style><\/div>[\/vc_column][\/vc_row][vc_row el_class=&#8221;img-float-header&#8221; conditional_render=&#8221;%5B%7B%22value_role%22%3A%22administrator%22%7D%5D&#8221;][vc_column][vc_single_image image=&#8221;954&#8243; img_size=&#8221;full&#8221; alignment=&#8221;center&#8221; css=&#8221;.vc_custom_1694454941539{margin-bottom: 0px !important;}&#8221;][\/vc_column][\/vc_row][\/vc_section][vc_section conditional_render=&#8221;%5B%7B%22value_role%22%3A%22administrator%22%7D%5D&#8221;][vc_row wrap_container=&#8221;yes&#8221; css=&#8221;.vc_custom_1690558262668{margin-bottom: 25px !important;}&#8221; conditional_render=&#8221;%5B%7B%22value_role%22%3A%22administrator%22%7D%5D&#8221; el_class=&#8221;reverse py-lg-3&#8243;][vc_column offset=&#8221;vc_col-md-6&#8243; conditional_render=&#8221;%5B%7B%22value_role%22%3A%22administrator%22%7D%5D&#8221;][vc_single_image image=&#8221;1285&#8243; img_size=&#8221;full&#8221; alignment=&#8221;center&#8221; el_class=&#8221;img-soluciones&#8221;][\/vc_column][vc_column conditional_render=&#8221;%5B%7B%22value_role%22%3A%22administrator%22%7D%5D&#8221; offset=&#8221;vc_col-md-6&#8243;]<div class=\"porto-u-heading  wpb_custom_db37236efc069e0dce1184b277a9b870 porto-u-9119 \"><div class=\"porto-u-main-heading\"><h2   style=\"color:#2b63d9;margin-bottom: 5px;\">Handwriting is a thing of the past<\/h2><\/div><div class=\"porto-u-sub-heading\" style=\"\">Certification<br \/>\nServices<\/div><style>.porto-u-9119.porto-u-heading{text-align:left}<\/style><\/div>[vc_column_text]Soon to be accredited by the National Directorate of Electronic Signature of the Public Registry of Panama. This allows us to issue qualified electronic signatures, meaning they hold the same value as a handwritten signature and have legal validity in the Republic of Panama. Firmatech&#8217;s qualified electronic signatures, along with our signature workflow solution, enable you to sign documents from your computer or mobile device and send them for the signature of third parties, whether or not they have a qualified electronic signature. Inquire today about our signature solution and our service for issuing qualified electronic signatures.[\/vc_column_text][vc_raw_html css=&#8221;&#8221; el_class=&#8221;content-services&#8221;]JTNDZGl2JTIwY2xhc3MlM0QlMjJidG4tdmVyLW1hcyUyMGZvbmRvJTIyJTNFJTBBJTIwJTIwJTNDYSUyMGhyZWYlM0QlMjJodHRwcyUzQSUyRiUyRmZpcm1hdGVjaC5pbyUyRmVuJTJGaW5mb3JtYXRpb24lMkYlMjIlM0VDb250YWN0JTIwb3VyJTIwdGVhbSUyMCUzQ2ltZyUyMHNyYyUzRCUyMmh0dHBzJTNBJTJGJTJGZGV2ZWxvcDEud2Vic3R1ZGlvcGFuYW1hLmNvbSUyRmZpcm1hdGVjaCUyRndwLWNvbnRlbnQlMkZ1cGxvYWRzJTJGMjAyMyUyRjA3JTJGYXJyb3ctdy5zdmclMjIlM0UlM0MlMkZhJTNFJTBBJTNDJTJGZGl2JTNF[\/vc_raw_html][\/vc_column][\/vc_row][\/vc_section][vc_section conditional_render=&#8221;%5B%7B%22value_role%22%3A%22administrator%22%7D%5D&#8221; css=&#8221;.vc_custom_1705072814999{background-color: rgba(43,99,217,0.06) !important;*background-color: rgb(43,99,217) !important;}&#8221;][vc_row css=&#8221;.vc_custom_1694453614889{padding-top: 50px !important;padding-bottom: 60px !important;}&#8221; conditional_render=&#8221;%5B%7B%22value_role%22%3A%22administrator%22%7D%5D&#8221;][vc_column offset=&#8221;vc_col-md-offset-3 vc_col-md-6&#8243; conditional_render=&#8221;%5B%7B%22value_role%22%3A%22administrator%22%7D%5D&#8221; el_class=&#8221;px-lg-5&#8243;]<div class=\"porto-u-heading  wpb_custom_95aa9a11c17ad45cfabaf210d84ee7cc porto-u-5877 \"><div class=\"porto-u-main-heading\"><h2  >For companies with requirements of more than 100 signatures or government entities. Contact us now.<\/h2><\/div><style>.porto-u-5877.porto-u-heading{text-align:center}<\/style><\/div>[vc_raw_html css=&#8221;.vc_custom_1713990770107{margin-bottom: 10px !important;padding-top: 25px !important;}&#8221; el_class=&#8221;content-services btn-white&#8221;]JTNDZGl2JTIwY2xhc3MlM0QlMjJidG4tdmVyLW1hcyUyMGZvbmRvJTIyJTNFJTBBJTIwJTIwJTNDYSUyMGhyZWYlM0QlMjJodHRwcyUzQSUyRiUyRmZpcm1hdGVjaC5pbyUyRmVuJTJGaW5mb3JtYXRpb24lMkYlMjIlM0VDb250YWN0JTIwVXMlMjAlM0NpbWclMjBzcmMlM0QlMjJodHRwcyUzQSUyRiUyRmRldmVsb3AxLndlYnN0dWRpb3BhbmFtYS5jb20lMkZmaXJtYXRlY2glMkZ3cC1jb250ZW50JTJGdXBsb2FkcyUyRjIwMjMlMkYwNyUyRmFycm93LXcuc3ZnJTIyJTNFJTNDJTJGYSUzRSUwQSUzQyUyRmRpdiUzRQ==[\/vc_raw_html][\/vc_column][\/vc_row][\/vc_section]<\/p>\n<\/div>","protected":false},"excerpt":{"rendered":"<p>[vc_section conditional_render=&#8221;%5B%7B%22value_role%22%3A%22administrator%22%7D%5D&#8221; css=&#8221;.vc_custom_1694454743375{padding-top: 50px !important;padding-bottom: 35px !important;background-color: rgba(43,99,217,0.06) !important;*background-color: rgb(43,99,217) !important;}&#8221; el_class=&#8221;content-float-header&#8221;][vc_row css=&#8221;.vc_custom_1690487554998{padding-bottom: 25px !important;}&#8221; conditional_render=&#8221;%5B%7B%22value_role%22%3A%22administrator%22%7D%5D&#8221;][vc_column offset=&#8221;vc_col-md-offset-3 vc_col-md-6&#8243; conditional_render=&#8221;%5B%7B%22value_role%22%3A%22administrator%22%7D%5D&#8221;][\/vc_column][\/vc_row][vc_row el_class=&#8221;img-float-header&#8221; conditional_render=&#8221;%5B%7B%22value_role%22%3A%22administrator%22%7D%5D&#8221;][vc_column][vc_single_image image=&#8221;954&#8243; img_size=&#8221;full&#8221; alignment=&#8221;center&#8221; css=&#8221;.vc_custom_1694454941539{margin-bottom: 0px !important;}&#8221;][\/vc_column][\/vc_row][\/vc_section][vc_section conditional_render=&#8221;%5B%7B%22value_role%22%3A%22administrator%22%7D%5D&#8221;][vc_row wrap_container=&#8221;yes&#8221; css=&#8221;.vc_custom_1690558262668{margin-bottom: 25px !important;}&#8221; conditional_render=&#8221;%5B%7B%22value_role%22%3A%22administrator%22%7D%5D&#8221; el_class=&#8221;reverse py-lg-3&#8243;][vc_column offset=&#8221;vc_col-md-6&#8243; conditional_render=&#8221;%5B%7B%22value_role%22%3A%22administrator%22%7D%5D&#8221;][vc_single_image image=&#8221;1285&#8243; img_size=&#8221;full&#8221; alignment=&#8221;center&#8221; el_class=&#8221;img-soluciones&#8221;][\/vc_column][vc_column conditional_render=&#8221;%5B%7B%22value_role%22%3A%22administrator%22%7D%5D&#8221; offset=&#8221;vc_col-md-6&#8243;][vc_column_text]Soon to be accredited by the National Directorate of Electronic Signature of the [&hellip;]<\/p>\n","protected":false},"author":1,"featured_media":0,"parent":0,"menu_order":0,"comment_status":"closed","ping_status":"closed","template":"","meta":{"_acf_changed":false,"inline_featured_image":false,"footnotes":""},"class_list":["post-1518","page","type-page","status-publish","hentry"],"acf":[],"yoast_head":"<!-- This site is optimized with the Yoast SEO plugin v23.0 - https:\/\/yoast.com\/wordpress\/plugins\/seo\/ -->\n<title>Servicios de Certificaci\u00f3n | FirmaTech<\/title>\n<meta name=\"description\" content=\"Somos expertos en firma eletr\u00f3nica y emisores en proceso de acreditaci\u00f3n de firma elextr\u00f3nica calificad\" \/>\n<meta name=\"robots\" content=\"index, follow, max-snippet:-1, max-image-preview:large, max-video-preview:-1\" \/>\n<link rel=\"canonical\" href=\"https:\/\/firmatech.io\/servicios-de-certificacion\/\" \/>\n<meta property=\"og:locale\" content=\"en_US\" \/>\n<meta property=\"og:type\" content=\"article\" \/>\n<meta property=\"og:title\" content=\"Servicios de Certificaci\u00f3n | FirmaTech\" \/>\n<meta property=\"og:description\" content=\"Somos expertos en firma eletr\u00f3nica y emisores en proceso de acreditaci\u00f3n de firma elextr\u00f3nica calificad\" \/>\n<meta property=\"og:url\" content=\"https:\/\/firmatech.io\/servicios-de-certificacion\/\" \/>\n<meta property=\"og:site_name\" content=\"FirmaTech\" \/>\n<meta property=\"article:modified_time\" content=\"2024-04-24T20:32:51+00:00\" \/>\n<meta property=\"og:image\" content=\"https:\/\/firmatech.io\/wp-content\/uploads\/2024\/01\/PRINCIPAL-VERTICAL-1.png\" \/>\n\t<meta property=\"og:image:width\" content=\"770\" \/>\n\t<meta property=\"og:image:height\" content=\"448\" \/>\n\t<meta property=\"og:image:type\" content=\"image\/png\" \/>\n<meta name=\"twitter:card\" content=\"summary_large_image\" \/>\n<meta name=\"twitter:label1\" content=\"Est. reading time\" \/>\n\t<meta name=\"twitter:data1\" content=\"1 minute\" \/>\n<script type=\"application\/ld+json\" class=\"yoast-schema-graph\">{\"@context\":\"https:\/\/schema.org\",\"@graph\":[{\"@type\":\"WebPage\",\"@id\":\"https:\/\/firmatech.io\/servicios-de-certificacion\/\",\"url\":\"https:\/\/firmatech.io\/servicios-de-certificacion\/\",\"name\":\"Servicios de Certificaci\u00f3n | FirmaTech\",\"isPartOf\":{\"@id\":\"https:\/\/firmatech.io\/#website\"},\"datePublished\":\"2024-01-12T15:20:26+00:00\",\"dateModified\":\"2024-04-24T20:32:51+00:00\",\"description\":\"Somos expertos en firma eletr\u00f3nica y emisores en proceso de acreditaci\u00f3n de firma elextr\u00f3nica calificad\",\"breadcrumb\":{\"@id\":\"https:\/\/firmatech.io\/servicios-de-certificacion\/#breadcrumb\"},\"inLanguage\":\"en-US\",\"potentialAction\":[{\"@type\":\"ReadAction\",\"target\":[\"https:\/\/firmatech.io\/servicios-de-certificacion\/\"]}]},{\"@type\":\"BreadcrumbList\",\"@id\":\"https:\/\/firmatech.io\/servicios-de-certificacion\/#breadcrumb\",\"itemListElement\":[{\"@type\":\"ListItem\",\"position\":1,\"name\":\"Portada\",\"item\":\"https:\/\/firmatech.io\/en\/\"},{\"@type\":\"ListItem\",\"position\":2,\"name\":\"Servicios de Certificaci\u00f3n\"}]},{\"@type\":\"WebSite\",\"@id\":\"https:\/\/firmatech.io\/#website\",\"url\":\"https:\/\/firmatech.io\/\",\"name\":\"FirmaTech\",\"description\":\"Somos expertos en firma eletr\u00f3nica y emisores en proceso de acreditaci\u00f3n de firma elextr\u00f3nica calificad\",\"publisher\":{\"@id\":\"https:\/\/firmatech.io\/#organization\"},\"alternateName\":\"FirmaTech\",\"potentialAction\":[{\"@type\":\"SearchAction\",\"target\":{\"@type\":\"EntryPoint\",\"urlTemplate\":\"https:\/\/firmatech.io\/?s={search_term_string}\"},\"query-input\":\"required name=search_term_string\"}],\"inLanguage\":\"en-US\"},{\"@type\":\"Organization\",\"@id\":\"https:\/\/firmatech.io\/#organization\",\"name\":\"FirmaTech\",\"alternateName\":\"Firma Tech\",\"url\":\"https:\/\/firmatech.io\/\",\"logo\":{\"@type\":\"ImageObject\",\"inLanguage\":\"en-US\",\"@id\":\"https:\/\/firmatech.io\/#\/schema\/logo\/image\/\",\"url\":\"https:\/\/firmatech.io\/wp-content\/uploads\/2023\/07\/favicon.png\",\"contentUrl\":\"https:\/\/firmatech.io\/wp-content\/uploads\/2023\/07\/favicon.png\",\"width\":512,\"height\":512,\"caption\":\"FirmaTech\"},\"image\":{\"@id\":\"https:\/\/firmatech.io\/#\/schema\/logo\/image\/\"}}]}<\/script>\n<!-- \/ Yoast SEO plugin. -->","yoast_head_json":{"title":"Servicios de Certificaci\u00f3n | FirmaTech","description":"Somos expertos en firma eletr\u00f3nica y emisores en proceso de acreditaci\u00f3n de firma elextr\u00f3nica calificad","robots":{"index":"index","follow":"follow","max-snippet":"max-snippet:-1","max-image-preview":"max-image-preview:large","max-video-preview":"max-video-preview:-1"},"canonical":"https:\/\/firmatech.io\/servicios-de-certificacion\/","og_locale":"en_US","og_type":"article","og_title":"Servicios de Certificaci\u00f3n | FirmaTech","og_description":"Somos expertos en firma eletr\u00f3nica y emisores en proceso de acreditaci\u00f3n de firma elextr\u00f3nica calificad","og_url":"https:\/\/firmatech.io\/servicios-de-certificacion\/","og_site_name":"FirmaTech","article_modified_time":"2024-04-24T20:32:51+00:00","og_image":[{"width":770,"height":448,"url":"https:\/\/firmatech.io\/wp-content\/uploads\/2024\/01\/PRINCIPAL-VERTICAL-1.png","type":"image\/png"}],"twitter_card":"summary_large_image","twitter_misc":{"Est. reading time":"1 minute"},"schema":{"@context":"https:\/\/schema.org","@graph":[{"@type":"WebPage","@id":"https:\/\/firmatech.io\/servicios-de-certificacion\/","url":"https:\/\/firmatech.io\/servicios-de-certificacion\/","name":"Servicios de Certificaci\u00f3n | FirmaTech","isPartOf":{"@id":"https:\/\/firmatech.io\/#website"},"datePublished":"2024-01-12T15:20:26+00:00","dateModified":"2024-04-24T20:32:51+00:00","description":"Somos expertos en firma eletr\u00f3nica y emisores en proceso de acreditaci\u00f3n de firma elextr\u00f3nica calificad","breadcrumb":{"@id":"https:\/\/firmatech.io\/servicios-de-certificacion\/#breadcrumb"},"inLanguage":"en-US","potentialAction":[{"@type":"ReadAction","target":["https:\/\/firmatech.io\/servicios-de-certificacion\/"]}]},{"@type":"BreadcrumbList","@id":"https:\/\/firmatech.io\/servicios-de-certificacion\/#breadcrumb","itemListElement":[{"@type":"ListItem","position":1,"name":"Portada","item":"https:\/\/firmatech.io\/en\/"},{"@type":"ListItem","position":2,"name":"Servicios de Certificaci\u00f3n"}]},{"@type":"WebSite","@id":"https:\/\/firmatech.io\/#website","url":"https:\/\/firmatech.io\/","name":"FirmaTech","description":"Somos expertos en firma eletr\u00f3nica y emisores en proceso de acreditaci\u00f3n de firma elextr\u00f3nica calificad","publisher":{"@id":"https:\/\/firmatech.io\/#organization"},"alternateName":"FirmaTech","potentialAction":[{"@type":"SearchAction","target":{"@type":"EntryPoint","urlTemplate":"https:\/\/firmatech.io\/?s={search_term_string}"},"query-input":"required name=search_term_string"}],"inLanguage":"en-US"},{"@type":"Organization","@id":"https:\/\/firmatech.io\/#organization","name":"FirmaTech","alternateName":"Firma Tech","url":"https:\/\/firmatech.io\/","logo":{"@type":"ImageObject","inLanguage":"en-US","@id":"https:\/\/firmatech.io\/#\/schema\/logo\/image\/","url":"https:\/\/firmatech.io\/wp-content\/uploads\/2023\/07\/favicon.png","contentUrl":"https:\/\/firmatech.io\/wp-content\/uploads\/2023\/07\/favicon.png","width":512,"height":512,"caption":"FirmaTech"},"image":{"@id":"https:\/\/firmatech.io\/#\/schema\/logo\/image\/"}}]}},"_links":{"self":[{"href":"https:\/\/firmatech.io\/en\/wp-json\/wp\/v2\/pages\/1518"}],"collection":[{"href":"https:\/\/firmatech.io\/en\/wp-json\/wp\/v2\/pages"}],"about":[{"href":"https:\/\/firmatech.io\/en\/wp-json\/wp\/v2\/types\/page"}],"author":[{"embeddable":true,"href":"https:\/\/firmatech.io\/en\/wp-json\/wp\/v2\/users\/1"}],"replies":[{"embeddable":true,"href":"https:\/\/firmatech.io\/en\/wp-json\/wp\/v2\/comments?post=1518"}],"version-history":[{"count":4,"href":"https:\/\/firmatech.io\/en\/wp-json\/wp\/v2\/pages\/1518\/revisions"}],"predecessor-version":[{"id":1819,"href":"https:\/\/firmatech.io\/en\/wp-json\/wp\/v2\/pages\/1518\/revisions\/1819"}],"wp:attachment":[{"href":"https:\/\/firmatech.io\/en\/wp-json\/wp\/v2\/media?parent=1518"}],"curies":[{"name":"wp","href":"https:\/\/api.w.org\/{rel}","templated":true}]}}