{"id":1540,"date":"2023-12-29T15:06:29","date_gmt":"2023-12-29T20:06:29","guid":{"rendered":"https:\/\/firmatech.io\/politicas\/"},"modified":"2024-04-24T19:32:53","modified_gmt":"2024-04-24T19:32:53","slug":"politicas","status":"publish","type":"page","link":"https:\/\/firmatech.io\/en\/politicas\/","title":{"rendered":"Policies"},"content":{"rendered":"<div class=\"wpb-content-wrapper\"><p>[vc_section conditional_render=&#8221;%5B%7B%22value_role%22%3A%22administrator%22%7D%5D&#8221; css=&#8221;.vc_custom_1694455216794{padding-top: 50px !important;padding-bottom: 35px !important;background-color: rgba(43,99,217,0.06) !important;*background-color: rgb(43,99,217) !important;}&#8221; el_class=&#8221;content-float-header&#8221;][vc_row css=&#8221;.vc_custom_1694454348741{padding-bottom: 25px !important;}&#8221; conditional_render=&#8221;%5B%7B%22value_role%22%3A%22administrator%22%7D%5D&#8221;][vc_column offset=&#8221;vc_col-md-offset-3 vc_col-md-6&#8243; conditional_render=&#8221;%5B%7B%22value_role%22%3A%22administrator%22%7D%5D&#8221;]<div class=\"porto-u-heading  wpb_custom_db37236efc069e0dce1184b277a9b870 porto-u-1902 \"><div class=\"porto-u-main-heading\"><h2   style=\"color:#2b63d9;margin-bottom: 5px;\">Policies of<\/h2><\/div><div class=\"porto-u-sub-heading\" style=\"\">FIRMATECH<\/div><style>.porto-u-1902.porto-u-heading{text-align:center}<\/style><\/div>[\/vc_column][\/vc_row][vc_row el_class=&#8221;img-float-header&#8221; conditional_render=&#8221;%5B%7B%22value_role%22%3A%22administrator%22%7D%5D&#8221;][vc_column][vc_single_image image=&#8221;954&#8243; img_size=&#8221;full&#8221; alignment=&#8221;center&#8221; css=&#8221;.vc_custom_1694454941539{margin-bottom: 0px !important;}&#8221;][\/vc_column][\/vc_row][\/vc_section][vc_section][vc_row wrap_container=&#8221;yes&#8221; conditional_render=&#8221;%5B%7B%22value_role%22%3A%22administrator%22%7D%5D&#8221;][vc_column width=&#8221;1\/2&#8243; el_class=&#8221;content-politicas&#8221; conditional_render=&#8221;%5B%7B%22value_role%22%3A%22administrator%22%7D%5D&#8221; offset=&#8221;vc_col-md-4&#8243;]<div class=\"porto-u-heading mb-4  wpb_custom_95aa9a11c17ad45cfabaf210d84ee7cc porto-u-9364 \"><div class=\"porto-u-main-heading\"><h4  >Certification Practice Statement<\/h4><\/div><style>.porto-u-9364.porto-u-heading{text-align:center}<\/style><\/div>[vc_raw_html el_class=&#8221;content-services center&#8221;]JTNDZGl2JTIwY2xhc3MlM0QlMjJidG4tdmVyLW1hcyUyMGZvbmRvJTIyJTNFJTBBJTIwJTIwJTNDYSUyMGhyZWYlM0QlMjJodHRwcyUzQSUyRiUyRmZpcm1hdGVjaC5pbyUyRndwLWNvbnRlbnQlMkZ1cGxvYWRzJTJGMjAyNCUyRjAzJTJGRklSTUFURUNIX1ZJRF9EUENfdjEuMS5wZGYlMjIlMjB0YXJnZXQlM0QlMjJfYmxhYmslMjIlM0VTRUUlMjBNT1JFJTIwJTNDaW1nJTIwc3JjJTNEJTIyaHR0cHMlM0ElMkYlMkZkZXZlbG9wMS53ZWJzdHVkaW9wYW5hbWEuY29tJTJGZmlybWF0ZWNoJTJGd3AtY29udGVudCUyRnVwbG9hZHMlMkYyMDIzJTJGMDclMkZhcnJvdy13LnN2ZyUyMiUzRSUzQyUyRmElM0UlMEElM0MlMkZkaXYlM0U=[\/vc_raw_html][\/vc_column][vc_column width=&#8221;1\/2&#8243; el_class=&#8221;content-politicas&#8221; conditional_render=&#8221;%5B%7B%22value_role%22%3A%22administrator%22%7D%5D&#8221; offset=&#8221;vc_col-md-4&#8243;]<div class=\"porto-u-heading mb-4  wpb_custom_95aa9a11c17ad45cfabaf210d84ee7cc porto-u-4168 \"><div class=\"porto-u-main-heading\"><h4  >Certification Policy<\/h4><\/div><style>.porto-u-4168.porto-u-heading{text-align:center}<\/style><\/div>[vc_raw_html el_class=&#8221;content-services center&#8221;]JTNDZGl2JTIwY2xhc3MlM0QlMjJidG4tdmVyLW1hcyUyMGZvbmRvJTIyJTNFJTBBJTIwJTIwJTNDYSUyMGhyZWYlM0QlMjJodHRwcyUzQSUyRiUyRmZpcm1hdGVjaC5pbyUyRndwLWNvbnRlbnQlMkZ1cGxvYWRzJTJGMjAyNCUyRjAzJTJGUENfRklSTUFURUNILnYxLjEucGRmJTIyJTIwdGFyZ2V0JTNEJTIyX2JsYWJrJTIyJTNFU0VFJTIwTU9SRSUyMCUzQ2ltZyUyMHNyYyUzRCUyMmh0dHBzJTNBJTJGJTJGZGV2ZWxvcDEud2Vic3R1ZGlvcGFuYW1hLmNvbSUyRmZpcm1hdGVjaCUyRndwLWNvbnRlbnQlMkZ1cGxvYWRzJTJGMjAyMyUyRjA3JTJGYXJyb3ctdy5zdmclMjIlM0UlM0MlMkZhJTNFJTBBJTNDJTJGZGl2JTNF[\/vc_raw_html][\/vc_column][vc_column width=&#8221;1\/2&#8243; el_class=&#8221;content-politicas&#8221; conditional_render=&#8221;%5B%7B%22value_role%22%3A%22administrator%22%7D%5D&#8221; offset=&#8221;vc_col-md-4&#8243;]<div class=\"porto-u-heading mb-4  wpb_custom_95aa9a11c17ad45cfabaf210d84ee7cc porto-u-8144 \"><div class=\"porto-u-main-heading\"><h4  >Privacy Policy - Trust Service Provision<\/h4><\/div><style>.porto-u-8144.porto-u-heading{text-align:center}<\/style><\/div>[vc_raw_html el_class=&#8221;content-services center&#8221;]JTNDZGl2JTIwY2xhc3MlM0QlMjJidG4tdmVyLW1hcyUyMGZvbmRvJTIyJTNFJTBBJTIwJTIwJTNDYSUyMGhyZWYlM0QlMjJodHRwcyUzQSUyRiUyRmZpcm1hdGVjaC5pbyUyRnBvbGl0aWNhLWRlLXByaXZhY2lkYWQtcHJlc3RhY2lvbi1kZS1zZXJ2aWNpb3MtZGUtY29uZmlhbnphJTJGJTIyJTIwdGFyZ2V0JTNEJTIyX2JsYWJrJTIyJTNFU0VFJTIwTU9SRSUyMCUzQ2ltZyUyMHNyYyUzRCUyMmh0dHBzJTNBJTJGJTJGZGV2ZWxvcDEud2Vic3R1ZGlvcGFuYW1hLmNvbSUyRmZpcm1hdGVjaCUyRndwLWNvbnRlbnQlMkZ1cGxvYWRzJTJGMjAyMyUyRjA3JTJGYXJyb3ctdy5zdmclMjIlM0UlM0MlMkZhJTNFJTBBJTNDJTJGZGl2JTNF[\/vc_raw_html][\/vc_column][vc_column width=&#8221;1\/2&#8243; offset=&#8221;vc_col-md-4&#8243; conditional_render=&#8221;%5B%7B%22value_role%22%3A%22administrator%22%7D%5D&#8221; el_class=&#8221;content-politicas&#8221;]<div class=\"porto-u-heading mb-4  wpb_custom_95aa9a11c17ad45cfabaf210d84ee7cc porto-u-2446 \"><div class=\"porto-u-main-heading\"><h4  >Timestamping Certification Practice Statement<\/h4><\/div><style>.porto-u-2446.porto-u-heading{text-align:center}<\/style><\/div>[vc_raw_html el_class=&#8221;content-services center&#8221;]JTNDZGl2JTIwY2xhc3MlM0QlMjJidG4tdmVyLW1hcyUyMGZvbmRvJTIyJTNFJTBBJTIwJTIwJTNDYSUyMGhyZWYlM0QlMjJodHRwcyUzQSUyRiUyRmZpcm1hdGVjaC5pbyUyRmRlY2xhcmFjaW9uLWRlLXByYWN0aWNhcy1kZS1jZXJ0aWZpY2FjaW9uLWRlLXNlbGxhZG8tZGUtdGllbXBvJTJGJTIyJTIwdGFyZ2V0JTNEJTIyX2JsYWJrJTIyJTNFU0VFJTIwTU9SRSUyMCUzQ2ltZyUyMHNyYyUzRCUyMmh0dHBzJTNBJTJGJTJGZGV2ZWxvcDEud2Vic3R1ZGlvcGFuYW1hLmNvbSUyRmZpcm1hdGVjaCUyRndwLWNvbnRlbnQlMkZ1cGxvYWRzJTJGMjAyMyUyRjA3JTJGYXJyb3ctdy5zdmclMjIlM0UlM0MlMkZhJTNFJTBBJTNDJTJGZGl2JTNF[\/vc_raw_html][\/vc_column][vc_column width=&#8221;1\/2&#8243; offset=&#8221;vc_col-md-4&#8243; conditional_render=&#8221;%5B%7B%22value_role%22%3A%22administrator%22%7D%5D&#8221; el_class=&#8221;content-politicas&#8221;]<div class=\"porto-u-heading mb-4  wpb_custom_95aa9a11c17ad45cfabaf210d84ee7cc porto-u-4986 \"><div class=\"porto-u-main-heading\"><h4  >Disclosure Statement - PKI Disclosure Statement (PDS) for the Qualified Electronic Timestamp Authority<\/h4><\/div><style>.porto-u-4986.porto-u-heading{text-align:center}<\/style><\/div>[vc_raw_html el_class=&#8221;content-services center&#8221;]JTNDZGl2JTIwY2xhc3MlM0QlMjJidG4tdmVyLW1hcyUyMGZvbmRvJTIyJTNFJTBBJTIwJTIwJTNDYSUyMGhyZWYlM0QlMjJodHRwcyUzQSUyRiUyRmZpcm1hdGVjaC5pbyUyRnRleHRvLWRlLWRpdnVsZ2FjaW9uLXBkcy1kZS1sYS1hdXRvcmlkYWQtY2FsaWZpY2FkYS1kZS1zZWxsYWRvLWRlLXRpZW1wby1lbGVjdHJvbmljbyUyRiUyMiUyMHRhcmdldCUzRCUyMl9ibGFiayUyMiUzRVNFRSUyME1PUkUlMjAlM0NpbWclMjBzcmMlM0QlMjJodHRwcyUzQSUyRiUyRmRldmVsb3AxLndlYnN0dWRpb3BhbmFtYS5jb20lMkZmaXJtYXRlY2glMkZ3cC1jb250ZW50JTJGdXBsb2FkcyUyRjIwMjMlMkYwNyUyRmFycm93LXcuc3ZnJTIyJTNFJTNDJTJGYSUzRSUwQSUzQyUyRmRpdiUzRQ==[\/vc_raw_html][\/vc_column][vc_column width=&#8221;1\/2&#8243; offset=&#8221;vc_col-md-4&#8243; conditional_render=&#8221;%5B%7B%22value_role%22%3A%22administrator%22%7D%5D&#8221; el_class=&#8221;content-politicas&#8221;]<div class=\"porto-u-heading mb-4  wpb_custom_95aa9a11c17ad45cfabaf210d84ee7cc porto-u-8380 \"><div class=\"porto-u-main-heading\"><h4  >Disclosure Statement - PKI Disclosure Statement (PDS) for Electronic Seal Certificates<\/h4><\/div><style>.porto-u-8380.porto-u-heading{text-align:center}<\/style><\/div>[vc_raw_html el_class=&#8221;content-services center&#8221;]JTNDZGl2JTIwY2xhc3MlM0QlMjJidG4tdmVyLW1hcyUyMGZvbmRvJTIyJTNFJTBBJTIwJTIwJTNDYSUyMGhyZWYlM0QlMjJodHRwcyUzQSUyRiUyRmZpcm1hdGVjaC5pbyUyRnRleHRvLWRlLWRpdnVsZ2FjaW9uLXBkcy1wYXJhLWxvcy1jZXJ0aWZpY2Fkb3MtZGUtc2VsbG8tZWxlY3Ryb25pY28lMkYlMjIlMjB0YXJnZXQlM0QlMjJfYmxhYmslMjIlM0VTRUUlMjBNT1JFJTIwJTNDaW1nJTIwc3JjJTNEJTIyaHR0cHMlM0ElMkYlMkZkZXZlbG9wMS53ZWJzdHVkaW9wYW5hbWEuY29tJTJGZmlybWF0ZWNoJTJGd3AtY29udGVudCUyRnVwbG9hZHMlMkYyMDIzJTJGMDclMkZhcnJvdy13LnN2ZyUyMiUzRSUzQyUyRmElM0UlMEElM0MlMkZkaXYlM0U=[\/vc_raw_html][\/vc_column][vc_column width=&#8221;1\/2&#8243; offset=&#8221;vc_col-md-4&#8243; conditional_render=&#8221;%5B%7B%22value_role%22%3A%22administrator%22%7D%5D&#8221; el_class=&#8221;content-politicas&#8221;]<div class=\"porto-u-heading mb-4  wpb_custom_95aa9a11c17ad45cfabaf210d84ee7cc porto-u-2600 \"><div class=\"porto-u-main-heading\"><h4  >Disclosure Statement - TSU Disclosure Statement (TSUDS) for Electronic Timestamping Service<\/h4><\/div><style>.porto-u-2600.porto-u-heading{text-align:center}<\/style><\/div>[vc_raw_html el_class=&#8221;content-services center&#8221;]JTNDZGl2JTIwY2xhc3MlM0QlMjJidG4tdmVyLW1hcyUyMGZvbmRvJTIyJTNFJTBBJTIwJTIwJTNDYSUyMGhyZWYlM0QlMjJodHRwcyUzQSUyRiUyRmZpcm1hdGVjaC5pbyUyRnRleHRvLWRlLWRpdnVsZ2FjaW9uLXRzdWRzLXBhcmEtZWwtc2VydmljaW8tZGUtc2VsbGFkby1kZS10aWVtcG8tZWxlY3Ryb25pY28lMkYlMjIlMjB0YXJnZXQlM0QlMjJfYmxhYmslMjIlM0VTRUUlMjBNT1JFJTIwJTNDaW1nJTIwc3JjJTNEJTIyaHR0cHMlM0ElMkYlMkZkZXZlbG9wMS53ZWJzdHVkaW9wYW5hbWEuY29tJTJGZmlybWF0ZWNoJTJGd3AtY29udGVudCUyRnVwbG9hZHMlMkYyMDIzJTJGMDclMkZhcnJvdy13LnN2ZyUyMiUzRSUzQyUyRmElM0UlMEElM0MlMkZkaXYlM0U=[\/vc_raw_html][\/vc_column][\/vc_row][\/vc_section]<\/p>\n<\/div>","protected":false},"excerpt":{"rendered":"<p>[vc_section conditional_render=&#8221;%5B%7B%22value_role%22%3A%22administrator%22%7D%5D&#8221; css=&#8221;.vc_custom_1694455216794{padding-top: 50px !important;padding-bottom: 35px !important;background-color: rgba(43,99,217,0.06) !important;*background-color: rgb(43,99,217) !important;}&#8221; el_class=&#8221;content-float-header&#8221;][vc_row css=&#8221;.vc_custom_1694454348741{padding-bottom: 25px !important;}&#8221; conditional_render=&#8221;%5B%7B%22value_role%22%3A%22administrator%22%7D%5D&#8221;][vc_column offset=&#8221;vc_col-md-offset-3 vc_col-md-6&#8243; conditional_render=&#8221;%5B%7B%22value_role%22%3A%22administrator%22%7D%5D&#8221;][\/vc_column][\/vc_row][vc_row el_class=&#8221;img-float-header&#8221; conditional_render=&#8221;%5B%7B%22value_role%22%3A%22administrator%22%7D%5D&#8221;][vc_column][vc_single_image image=&#8221;954&#8243; img_size=&#8221;full&#8221; alignment=&#8221;center&#8221; css=&#8221;.vc_custom_1694454941539{margin-bottom: 0px !important;}&#8221;][\/vc_column][\/vc_row][\/vc_section][vc_section][vc_row wrap_container=&#8221;yes&#8221; conditional_render=&#8221;%5B%7B%22value_role%22%3A%22administrator%22%7D%5D&#8221;][vc_column width=&#8221;1\/2&#8243; el_class=&#8221;content-politicas&#8221; conditional_render=&#8221;%5B%7B%22value_role%22%3A%22administrator%22%7D%5D&#8221; offset=&#8221;vc_col-md-4&#8243;][vc_raw_html el_class=&#8221;content-services center&#8221;]JTNDZGl2JTIwY2xhc3MlM0QlMjJidG4tdmVyLW1hcyUyMGZvbmRvJTIyJTNFJTBBJTIwJTIwJTNDYSUyMGhyZWYlM0QlMjJodHRwcyUzQSUyRiUyRmZpcm1hdGVjaC5pbyUyRndwLWNvbnRlbnQlMkZ1cGxvYWRzJTJGMjAyNCUyRjAzJTJGRklSTUFURUNIX1ZJRF9EUENfdjEuMS5wZGYlMjIlMjB0YXJnZXQlM0QlMjJfYmxhYmslMjIlM0VTRUUlMjBNT1JFJTIwJTNDaW1nJTIwc3JjJTNEJTIyaHR0cHMlM0ElMkYlMkZkZXZlbG9wMS53ZWJzdHVkaW9wYW5hbWEuY29tJTJGZmlybWF0ZWNoJTJGd3AtY29udGVudCUyRnVwbG9hZHMlMkYyMDIzJTJGMDclMkZhcnJvdy13LnN2ZyUyMiUzRSUzQyUyRmElM0UlMEElM0MlMkZkaXYlM0U=[\/vc_raw_html][\/vc_column][vc_column width=&#8221;1\/2&#8243; el_class=&#8221;content-politicas&#8221; conditional_render=&#8221;%5B%7B%22value_role%22%3A%22administrator%22%7D%5D&#8221; offset=&#8221;vc_col-md-4&#8243;][vc_raw_html el_class=&#8221;content-services center&#8221;]JTNDZGl2JTIwY2xhc3MlM0QlMjJidG4tdmVyLW1hcyUyMGZvbmRvJTIyJTNFJTBBJTIwJTIwJTNDYSUyMGhyZWYlM0QlMjJodHRwcyUzQSUyRiUyRmZpcm1hdGVjaC5pbyUyRndwLWNvbnRlbnQlMkZ1cGxvYWRzJTJGMjAyNCUyRjAzJTJGUENfRklSTUFURUNILnYxLjEucGRmJTIyJTIwdGFyZ2V0JTNEJTIyX2JsYWJrJTIyJTNFU0VFJTIwTU9SRSUyMCUzQ2ltZyUyMHNyYyUzRCUyMmh0dHBzJTNBJTJGJTJGZGV2ZWxvcDEud2Vic3R1ZGlvcGFuYW1hLmNvbSUyRmZpcm1hdGVjaCUyRndwLWNvbnRlbnQlMkZ1cGxvYWRzJTJGMjAyMyUyRjA3JTJGYXJyb3ctdy5zdmclMjIlM0UlM0MlMkZhJTNFJTBBJTNDJTJGZGl2JTNF[\/vc_raw_html][\/vc_column][vc_column width=&#8221;1\/2&#8243; el_class=&#8221;content-politicas&#8221; conditional_render=&#8221;%5B%7B%22value_role%22%3A%22administrator%22%7D%5D&#8221; offset=&#8221;vc_col-md-4&#8243;][vc_raw_html el_class=&#8221;content-services center&#8221;]JTNDZGl2JTIwY2xhc3MlM0QlMjJidG4tdmVyLW1hcyUyMGZvbmRvJTIyJTNFJTBBJTIwJTIwJTNDYSUyMGhyZWYlM0QlMjJodHRwcyUzQSUyRiUyRmZpcm1hdGVjaC5pbyUyRnBvbGl0aWNhLWRlLXByaXZhY2lkYWQtcHJlc3RhY2lvbi1kZS1zZXJ2aWNpb3MtZGUtY29uZmlhbnphJTJGJTIyJTIwdGFyZ2V0JTNEJTIyX2JsYWJrJTIyJTNFU0VFJTIwTU9SRSUyMCUzQ2ltZyUyMHNyYyUzRCUyMmh0dHBzJTNBJTJGJTJGZGV2ZWxvcDEud2Vic3R1ZGlvcGFuYW1hLmNvbSUyRmZpcm1hdGVjaCUyRndwLWNvbnRlbnQlMkZ1cGxvYWRzJTJGMjAyMyUyRjA3JTJGYXJyb3ctdy5zdmclMjIlM0UlM0MlMkZhJTNFJTBBJTNDJTJGZGl2JTNF[\/vc_raw_html][\/vc_column][vc_column width=&#8221;1\/2&#8243; offset=&#8221;vc_col-md-4&#8243; conditional_render=&#8221;%5B%7B%22value_role%22%3A%22administrator%22%7D%5D&#8221; el_class=&#8221;content-politicas&#8221;][vc_raw_html el_class=&#8221;content-services center&#8221;]JTNDZGl2JTIwY2xhc3MlM0QlMjJidG4tdmVyLW1hcyUyMGZvbmRvJTIyJTNFJTBBJTIwJTIwJTNDYSUyMGhyZWYlM0QlMjJodHRwcyUzQSUyRiUyRmZpcm1hdGVjaC5pbyUyRmRlY2xhcmFjaW9uLWRlLXByYWN0aWNhcy1kZS1jZXJ0aWZpY2FjaW9uLWRlLXNlbGxhZG8tZGUtdGllbXBvJTJGJTIyJTIwdGFyZ2V0JTNEJTIyX2JsYWJrJTIyJTNFU0VFJTIwTU9SRSUyMCUzQ2ltZyUyMHNyYyUzRCUyMmh0dHBzJTNBJTJGJTJGZGV2ZWxvcDEud2Vic3R1ZGlvcGFuYW1hLmNvbSUyRmZpcm1hdGVjaCUyRndwLWNvbnRlbnQlMkZ1cGxvYWRzJTJGMjAyMyUyRjA3JTJGYXJyb3ctdy5zdmclMjIlM0UlM0MlMkZhJTNFJTBBJTNDJTJGZGl2JTNF[\/vc_raw_html][\/vc_column][vc_column width=&#8221;1\/2&#8243; offset=&#8221;vc_col-md-4&#8243; [&hellip;]<\/p>\n","protected":false},"author":1,"featured_media":0,"parent":0,"menu_order":0,"comment_status":"closed","ping_status":"closed","template":"","meta":{"_acf_changed":false,"inline_featured_image":false,"footnotes":""},"class_list":["post-1540","page","type-page","status-publish","hentry"],"acf":[],"yoast_head":"<!-- This site is optimized with the Yoast SEO plugin v23.0 - https:\/\/yoast.com\/wordpress\/plugins\/seo\/ -->\n<title>Policies | FirmaTech<\/title>\n<meta name=\"description\" content=\"Somos expertos en firma eletr\u00f3nica y emisores en proceso de acreditaci\u00f3n de firma elextr\u00f3nica calificad\" \/>\n<meta name=\"robots\" content=\"index, follow, max-snippet:-1, max-image-preview:large, max-video-preview:-1\" \/>\n<link rel=\"canonical\" href=\"https:\/\/firmatech.io\/politicas\/\" \/>\n<meta property=\"og:locale\" content=\"en_US\" \/>\n<meta property=\"og:type\" content=\"article\" \/>\n<meta property=\"og:title\" content=\"Policies | FirmaTech\" \/>\n<meta property=\"og:description\" content=\"Somos expertos en firma eletr\u00f3nica y emisores en proceso de acreditaci\u00f3n de firma elextr\u00f3nica calificad\" \/>\n<meta property=\"og:url\" content=\"https:\/\/firmatech.io\/politicas\/\" \/>\n<meta property=\"og:site_name\" content=\"FirmaTech\" \/>\n<meta property=\"article:modified_time\" content=\"2024-04-24T19:32:53+00:00\" \/>\n<meta property=\"og:image\" content=\"https:\/\/firmatech.io\/wp-content\/uploads\/2024\/01\/PRINCIPAL-VERTICAL-1.png\" \/>\n\t<meta property=\"og:image:width\" content=\"770\" \/>\n\t<meta property=\"og:image:height\" content=\"448\" \/>\n\t<meta property=\"og:image:type\" content=\"image\/png\" \/>\n<meta name=\"twitter:card\" content=\"summary_large_image\" \/>\n<meta name=\"twitter:label1\" content=\"Est. reading time\" \/>\n\t<meta name=\"twitter:data1\" content=\"1 minute\" \/>\n<script type=\"application\/ld+json\" class=\"yoast-schema-graph\">{\"@context\":\"https:\/\/schema.org\",\"@graph\":[{\"@type\":\"WebPage\",\"@id\":\"https:\/\/firmatech.io\/politicas\/\",\"url\":\"https:\/\/firmatech.io\/politicas\/\",\"name\":\"Policies | FirmaTech\",\"isPartOf\":{\"@id\":\"https:\/\/firmatech.io\/#website\"},\"datePublished\":\"2023-12-29T20:06:29+00:00\",\"dateModified\":\"2024-04-24T19:32:53+00:00\",\"description\":\"Somos expertos en firma eletr\u00f3nica y emisores en proceso de acreditaci\u00f3n de firma elextr\u00f3nica calificad\",\"breadcrumb\":{\"@id\":\"https:\/\/firmatech.io\/politicas\/#breadcrumb\"},\"inLanguage\":\"en-US\",\"potentialAction\":[{\"@type\":\"ReadAction\",\"target\":[\"https:\/\/firmatech.io\/politicas\/\"]}]},{\"@type\":\"BreadcrumbList\",\"@id\":\"https:\/\/firmatech.io\/politicas\/#breadcrumb\",\"itemListElement\":[{\"@type\":\"ListItem\",\"position\":1,\"name\":\"Portada\",\"item\":\"https:\/\/firmatech.io\/en\/\"},{\"@type\":\"ListItem\",\"position\":2,\"name\":\"Policies\"}]},{\"@type\":\"WebSite\",\"@id\":\"https:\/\/firmatech.io\/#website\",\"url\":\"https:\/\/firmatech.io\/\",\"name\":\"FirmaTech\",\"description\":\"Somos expertos en firma eletr\u00f3nica y emisores en proceso de acreditaci\u00f3n de firma elextr\u00f3nica calificad\",\"publisher\":{\"@id\":\"https:\/\/firmatech.io\/#organization\"},\"alternateName\":\"FirmaTech\",\"potentialAction\":[{\"@type\":\"SearchAction\",\"target\":{\"@type\":\"EntryPoint\",\"urlTemplate\":\"https:\/\/firmatech.io\/?s={search_term_string}\"},\"query-input\":\"required name=search_term_string\"}],\"inLanguage\":\"en-US\"},{\"@type\":\"Organization\",\"@id\":\"https:\/\/firmatech.io\/#organization\",\"name\":\"FirmaTech\",\"alternateName\":\"Firma Tech\",\"url\":\"https:\/\/firmatech.io\/\",\"logo\":{\"@type\":\"ImageObject\",\"inLanguage\":\"en-US\",\"@id\":\"https:\/\/firmatech.io\/#\/schema\/logo\/image\/\",\"url\":\"https:\/\/firmatech.io\/wp-content\/uploads\/2023\/07\/favicon.png\",\"contentUrl\":\"https:\/\/firmatech.io\/wp-content\/uploads\/2023\/07\/favicon.png\",\"width\":512,\"height\":512,\"caption\":\"FirmaTech\"},\"image\":{\"@id\":\"https:\/\/firmatech.io\/#\/schema\/logo\/image\/\"}}]}<\/script>\n<!-- \/ Yoast SEO plugin. -->","yoast_head_json":{"title":"Policies | FirmaTech","description":"Somos expertos en firma eletr\u00f3nica y emisores en proceso de acreditaci\u00f3n de firma elextr\u00f3nica calificad","robots":{"index":"index","follow":"follow","max-snippet":"max-snippet:-1","max-image-preview":"max-image-preview:large","max-video-preview":"max-video-preview:-1"},"canonical":"https:\/\/firmatech.io\/politicas\/","og_locale":"en_US","og_type":"article","og_title":"Policies | FirmaTech","og_description":"Somos expertos en firma eletr\u00f3nica y emisores en proceso de acreditaci\u00f3n de firma elextr\u00f3nica calificad","og_url":"https:\/\/firmatech.io\/politicas\/","og_site_name":"FirmaTech","article_modified_time":"2024-04-24T19:32:53+00:00","og_image":[{"width":770,"height":448,"url":"https:\/\/firmatech.io\/wp-content\/uploads\/2024\/01\/PRINCIPAL-VERTICAL-1.png","type":"image\/png"}],"twitter_card":"summary_large_image","twitter_misc":{"Est. reading time":"1 minute"},"schema":{"@context":"https:\/\/schema.org","@graph":[{"@type":"WebPage","@id":"https:\/\/firmatech.io\/politicas\/","url":"https:\/\/firmatech.io\/politicas\/","name":"Policies | FirmaTech","isPartOf":{"@id":"https:\/\/firmatech.io\/#website"},"datePublished":"2023-12-29T20:06:29+00:00","dateModified":"2024-04-24T19:32:53+00:00","description":"Somos expertos en firma eletr\u00f3nica y emisores en proceso de acreditaci\u00f3n de firma elextr\u00f3nica calificad","breadcrumb":{"@id":"https:\/\/firmatech.io\/politicas\/#breadcrumb"},"inLanguage":"en-US","potentialAction":[{"@type":"ReadAction","target":["https:\/\/firmatech.io\/politicas\/"]}]},{"@type":"BreadcrumbList","@id":"https:\/\/firmatech.io\/politicas\/#breadcrumb","itemListElement":[{"@type":"ListItem","position":1,"name":"Portada","item":"https:\/\/firmatech.io\/en\/"},{"@type":"ListItem","position":2,"name":"Policies"}]},{"@type":"WebSite","@id":"https:\/\/firmatech.io\/#website","url":"https:\/\/firmatech.io\/","name":"FirmaTech","description":"Somos expertos en firma eletr\u00f3nica y emisores en proceso de acreditaci\u00f3n de firma elextr\u00f3nica calificad","publisher":{"@id":"https:\/\/firmatech.io\/#organization"},"alternateName":"FirmaTech","potentialAction":[{"@type":"SearchAction","target":{"@type":"EntryPoint","urlTemplate":"https:\/\/firmatech.io\/?s={search_term_string}"},"query-input":"required name=search_term_string"}],"inLanguage":"en-US"},{"@type":"Organization","@id":"https:\/\/firmatech.io\/#organization","name":"FirmaTech","alternateName":"Firma Tech","url":"https:\/\/firmatech.io\/","logo":{"@type":"ImageObject","inLanguage":"en-US","@id":"https:\/\/firmatech.io\/#\/schema\/logo\/image\/","url":"https:\/\/firmatech.io\/wp-content\/uploads\/2023\/07\/favicon.png","contentUrl":"https:\/\/firmatech.io\/wp-content\/uploads\/2023\/07\/favicon.png","width":512,"height":512,"caption":"FirmaTech"},"image":{"@id":"https:\/\/firmatech.io\/#\/schema\/logo\/image\/"}}]}},"_links":{"self":[{"href":"https:\/\/firmatech.io\/en\/wp-json\/wp\/v2\/pages\/1540"}],"collection":[{"href":"https:\/\/firmatech.io\/en\/wp-json\/wp\/v2\/pages"}],"about":[{"href":"https:\/\/firmatech.io\/en\/wp-json\/wp\/v2\/types\/page"}],"author":[{"embeddable":true,"href":"https:\/\/firmatech.io\/en\/wp-json\/wp\/v2\/users\/1"}],"replies":[{"embeddable":true,"href":"https:\/\/firmatech.io\/en\/wp-json\/wp\/v2\/comments?post=1540"}],"version-history":[{"count":5,"href":"https:\/\/firmatech.io\/en\/wp-json\/wp\/v2\/pages\/1540\/revisions"}],"predecessor-version":[{"id":1792,"href":"https:\/\/firmatech.io\/en\/wp-json\/wp\/v2\/pages\/1540\/revisions\/1792"}],"wp:attachment":[{"href":"https:\/\/firmatech.io\/en\/wp-json\/wp\/v2\/media?parent=1540"}],"curies":[{"name":"wp","href":"https:\/\/api.w.org\/{rel}","templated":true}]}}