{"id":1543,"date":"2023-09-12T17:14:17","date_gmt":"2023-09-12T17:14:17","guid":{"rendered":"https:\/\/firmatech.io\/contacto\/"},"modified":"2024-04-24T19:13:54","modified_gmt":"2024-04-24T19:13:54","slug":"information","status":"publish","type":"page","link":"https:\/\/firmatech.io\/en\/information\/","title":{"rendered":"Information"},"content":{"rendered":"<div class=\"wpb-content-wrapper\"><p>[vc_section conditional_render=&#8221;%5B%7B%22value_role%22%3A%22administrator%22%7D%5D&#8221; css=&#8221;.vc_custom_1694454743375{padding-top: 50px !important;padding-bottom: 35px !important;background-color: rgba(43,99,217,0.06) !important;*background-color: rgb(43,99,217) !important;}&#8221; el_class=&#8221;content-float-header&#8221;][vc_row css=&#8221;.vc_custom_1690487554998{padding-bottom: 25px !important;}&#8221; conditional_render=&#8221;%5B%7B%22value_role%22%3A%22administrator%22%7D%5D&#8221;][vc_column offset=&#8221;vc_col-md-offset-3 vc_col-md-6&#8243; conditional_render=&#8221;%5B%7B%22value_role%22%3A%22administrator%22%7D%5D&#8221;]<div class=\"porto-u-heading  wpb_custom_db37236efc069e0dce1184b277a9b870 porto-u-4247 \"><div class=\"porto-u-main-heading\"><h2   style=\"color:#2b63d9;margin-bottom: 5px;\">CONTACT US TODAY<\/h2><\/div><div class=\"porto-u-sub-heading\" style=\"\">Electronic Signature is the cornerstone of digitization.<\/div><style>.porto-u-4247.porto-u-heading{text-align:center}<\/style><\/div>[\/vc_column][\/vc_row][vc_row el_class=&#8221;img-float-header&#8221; conditional_render=&#8221;%5B%7B%22value_role%22%3A%22administrator%22%7D%5D&#8221;][vc_column][vc_single_image image=&#8221;954&#8243; img_size=&#8221;full&#8221; alignment=&#8221;center&#8221; css=&#8221;.vc_custom_1694454941539{margin-bottom: 0px !important;}&#8221;][\/vc_column][\/vc_row][\/vc_section][vc_section conditional_render=&#8221;%5B%7B%22value_role%22%3A%22administrator%22%7D%5D&#8221; css=&#8221;.vc_custom_1694538900756{padding-top: 50px !important;padding-bottom: 50px !important;}&#8221;][vc_row wrap_container=&#8221;yes&#8221; conditional_render=&#8221;%5B%7B%22value_role%22%3A%22administrator%22%7D%5D&#8221;][vc_column offset=&#8221;vc_col-md-offset-3 vc_col-md-6&#8243; conditional_render=&#8221;%5B%7B%22value_role%22%3A%22administrator%22%7D%5D&#8221; el_class=&#8221;content-form_page&#8221;]<div class=\"porto-u-heading  wpb_custom_95aa9a11c17ad45cfabaf210d84ee7cc porto-u-5101 \"><div class=\"porto-u-main-heading\"><h2  >CONTACT US<\/h2><\/div><div class=\"porto-u-sub-heading\" style=\"\">Fill out the following form<\/div><style>.porto-u-5101.porto-u-heading{text-align:center}<\/style><\/div>\n<div class=\"wpcf7 no-js\" id=\"wpcf7-f1557-o1\" lang=\"en-US\" dir=\"ltr\">\n<div class=\"screen-reader-response\"><p role=\"status\" aria-live=\"polite\" aria-atomic=\"true\"><\/p> <ul><\/ul><\/div>\n<form action=\"\/en\/wp-json\/wp\/v2\/pages\/1543#wpcf7-f1557-o1\" method=\"post\" class=\"wpcf7-form init\" aria-label=\"Contact form\" novalidate=\"novalidate\" data-status=\"init\">\n<div style=\"display: none;\">\n<input type=\"hidden\" name=\"_wpcf7\" value=\"1557\" \/>\n<input type=\"hidden\" name=\"_wpcf7_version\" value=\"5.9.7\" \/>\n<input type=\"hidden\" name=\"_wpcf7_locale\" value=\"en_US\" \/>\n<input type=\"hidden\" name=\"_wpcf7_unit_tag\" value=\"wpcf7-f1557-o1\" \/>\n<input type=\"hidden\" name=\"_wpcf7_container_post\" value=\"0\" \/>\n<input type=\"hidden\" name=\"_wpcf7_posted_data_hash\" value=\"\" \/>\n<\/div>\n<div class=\"row form-contacto\">\n    <div class=\"height-text col-lg-12\">\n      <label for=\"contact-name\" class=\"custom-font-family font-weight-medium\">Full Name<span>*<\/span><\/label>\n            <span class=\"wpcf7-form-control-wrap\" data-name=\"your-name\"><input size=\"40\" maxlength=\"400\" class=\"wpcf7-form-control wpcf7-text wpcf7-validates-as-required form-control\" id=\"contact-name\" aria-required=\"true\" aria-invalid=\"false\" placeholder=\"Full Name\" value=\"\" type=\"text\" name=\"your-name\" \/><\/span>\n    <\/div>\n    <div class=\"height-text col-lg-12\">\n      <label for=\"contact-name\" class=\"custom-font-family font-weight-medium\">E-mail <span>*<\/span><\/label>\n            <span class=\"wpcf7-form-control-wrap\" data-name=\"your-email\"><input size=\"40\" maxlength=\"400\" class=\"wpcf7-form-control wpcf7-email wpcf7-validates-as-required wpcf7-text wpcf7-validates-as-email form-control\" id=\"contact-email\" aria-required=\"true\" aria-invalid=\"false\" placeholder=\"Example@gmail.com\" value=\"\" type=\"email\" name=\"your-email\" \/><\/span>\n    <\/div>\n    <div class=\"height-text col-lg-12\">\n      <label for=\"contact-name\" class=\"custom-font-family font-weight-medium\">Country <span>*<\/span><\/label>\n            <span class=\"wpcf7-form-control-wrap\" data-name=\"your-pais\"><input size=\"40\" maxlength=\"400\" class=\"wpcf7-form-control wpcf7-text wpcf7-validates-as-required form-control\" aria-required=\"true\" aria-invalid=\"false\" placeholder=\"His country\" value=\"\" type=\"text\" name=\"your-pais\" \/><\/span>\n    <\/div>\n    <div class=\"height-text col-lg-12\">\n      <label for=\"contact-name\" class=\"custom-font-family font-weight-medium\">Phone Number <span>*<\/span><\/label>\n            <span class=\"wpcf7-form-control-wrap\" data-name=\"your-telefono\"><input size=\"40\" maxlength=\"400\" class=\"wpcf7-form-control wpcf7-tel wpcf7-validates-as-required wpcf7-text wpcf7-validates-as-tel form-control\" aria-required=\"true\" aria-invalid=\"false\" placeholder=\"+000\" value=\"\" type=\"tel\" name=\"your-telefono\" \/><\/span>\n    <\/div>\n    <div class=\"col-lg-12\">\n      <label for=\"contact-name\" class=\"custom-font-family font-weight-medium\">Message <\/label>\n            <span class=\"wpcf7-form-control-wrap\" data-name=\"txt-msg\"><textarea cols=\"40\" rows=\"10\" maxlength=\"2000\" class=\"wpcf7-form-control wpcf7-textarea custom-contact-input\" aria-invalid=\"false\" placeholder=\"Hello, mi name is...\" name=\"txt-msg\"><\/textarea><\/span>\n    <\/div>\n    <div class=\"col-lg-12\">\n            <span class=\"wpcf7-form-control-wrap\" data-name=\"hcap-cf7\">\t\t<input\n\t\t\t\ttype=\"hidden\"\n\t\t\t\tclass=\"hcaptcha-widget-id\"\n\t\t\t\tname=\"hcaptcha-widget-id\"\n\t\t\t\tvalue=\"eyJzb3VyY2UiOlsiY29udGFjdC1mb3JtLTdcL3dwLWNvbnRhY3QtZm9ybS03LnBocCJdLCJmb3JtX2lkIjoxNX0=-6f5cb927f65655f56b7f50532bc3216b\">\n\t\t\t\t<span id=\"hcap_cf7-69dc7c9b4fff55.91855448\" class=\"wpcf7-form-control h-captcha \"\n\t\t\t\tdata-sitekey=\"9d6b1ef5-32b2-4678-ac4e-3bfaf32ce7b8\"\n\t\t\t\tdata-theme=\"light\"\n\t\t\t\tdata-size=\"invisible\"\n\t\t\t\tdata-auto=\"false\"\n\t\t\t\tdata-force=\"false\">\n\t\t<\/span>\n\t\t<input type=\"hidden\" id=\"_wpnonce\" name=\"_wpnonce\" value=\"0f2fb376af\" \/><input type=\"hidden\" name=\"_wp_http_referer\" value=\"\/en\/wp-json\/wp\/v2\/pages\/1543\" \/><\/span><input class=\"wpcf7-form-control wpcf7-submit has-spinner btn btn-primary btn-modern\" type=\"submit\" value=\"SEND\" \/>\n    <\/div>\n<\/div><input type='hidden' class='wpcf7-pum' value='{\"closepopup\":false,\"closedelay\":0,\"openpopup\":false,\"openpopup_id\":0}' \/><div class=\"wpcf7-response-output\" aria-hidden=\"true\"><\/div>\n<\/form>\n<\/div>\n[\/vc_column][\/vc_row][\/vc_section]<\/p>\n<\/div>","protected":false},"excerpt":{"rendered":"<p>[vc_section conditional_render=&#8221;%5B%7B%22value_role%22%3A%22administrator%22%7D%5D&#8221; css=&#8221;.vc_custom_1694454743375{padding-top: 50px !important;padding-bottom: 35px !important;background-color: rgba(43,99,217,0.06) !important;*background-color: rgb(43,99,217) !important;}&#8221; el_class=&#8221;content-float-header&#8221;][vc_row css=&#8221;.vc_custom_1690487554998{padding-bottom: 25px !important;}&#8221; conditional_render=&#8221;%5B%7B%22value_role%22%3A%22administrator%22%7D%5D&#8221;][vc_column offset=&#8221;vc_col-md-offset-3 vc_col-md-6&#8243; conditional_render=&#8221;%5B%7B%22value_role%22%3A%22administrator%22%7D%5D&#8221;][\/vc_column][\/vc_row][vc_row el_class=&#8221;img-float-header&#8221; conditional_render=&#8221;%5B%7B%22value_role%22%3A%22administrator%22%7D%5D&#8221;][vc_column][vc_single_image image=&#8221;954&#8243; img_size=&#8221;full&#8221; alignment=&#8221;center&#8221; css=&#8221;.vc_custom_1694454941539{margin-bottom: 0px !important;}&#8221;][\/vc_column][\/vc_row][\/vc_section][vc_section conditional_render=&#8221;%5B%7B%22value_role%22%3A%22administrator%22%7D%5D&#8221; css=&#8221;.vc_custom_1694538900756{padding-top: 50px !important;padding-bottom: 50px !important;}&#8221;][vc_row wrap_container=&#8221;yes&#8221; conditional_render=&#8221;%5B%7B%22value_role%22%3A%22administrator%22%7D%5D&#8221;][vc_column offset=&#8221;vc_col-md-offset-3 vc_col-md-6&#8243; conditional_render=&#8221;%5B%7B%22value_role%22%3A%22administrator%22%7D%5D&#8221; el_class=&#8221;content-form_page&#8221;][\/vc_column][\/vc_row][\/vc_section]<\/p>\n","protected":false},"author":1,"featured_media":0,"parent":0,"menu_order":0,"comment_status":"closed","ping_status":"closed","template":"","meta":{"_acf_changed":false,"inline_featured_image":false,"footnotes":""},"class_list":["post-1543","page","type-page","status-publish","hentry"],"acf":[],"yoast_head":"<!-- This site is optimized with the Yoast SEO plugin v23.0 - https:\/\/yoast.com\/wordpress\/plugins\/seo\/ -->\n<title>Information | FirmaTech<\/title>\n<meta name=\"description\" content=\"Somos expertos en firma eletr\u00f3nica y emisores en proceso de acreditaci\u00f3n de firma elextr\u00f3nica calificad\" \/>\n<meta name=\"robots\" content=\"index, follow, max-snippet:-1, max-image-preview:large, max-video-preview:-1\" \/>\n<link rel=\"canonical\" href=\"https:\/\/firmatech.io\/informacion\/\" \/>\n<meta property=\"og:locale\" content=\"en_US\" \/>\n<meta property=\"og:type\" content=\"article\" \/>\n<meta property=\"og:title\" content=\"Information | FirmaTech\" \/>\n<meta property=\"og:description\" content=\"Somos expertos en firma eletr\u00f3nica y emisores en proceso de acreditaci\u00f3n de firma elextr\u00f3nica calificad\" \/>\n<meta property=\"og:url\" content=\"https:\/\/firmatech.io\/informacion\/\" \/>\n<meta property=\"og:site_name\" content=\"FirmaTech\" \/>\n<meta property=\"article:modified_time\" content=\"2024-04-24T19:13:54+00:00\" \/>\n<meta property=\"og:image\" content=\"https:\/\/firmatech.io\/wp-content\/uploads\/2024\/01\/PRINCIPAL-VERTICAL-1.png\" \/>\n\t<meta property=\"og:image:width\" content=\"770\" \/>\n\t<meta property=\"og:image:height\" content=\"448\" \/>\n\t<meta property=\"og:image:type\" content=\"image\/png\" \/>\n<meta name=\"twitter:card\" content=\"summary_large_image\" \/>\n<meta name=\"twitter:label1\" content=\"Est. reading time\" \/>\n\t<meta name=\"twitter:data1\" content=\"1 minute\" \/>\n<script type=\"application\/ld+json\" class=\"yoast-schema-graph\">{\"@context\":\"https:\/\/schema.org\",\"@graph\":[{\"@type\":\"WebPage\",\"@id\":\"https:\/\/firmatech.io\/informacion\/\",\"url\":\"https:\/\/firmatech.io\/informacion\/\",\"name\":\"Information | FirmaTech\",\"isPartOf\":{\"@id\":\"https:\/\/firmatech.io\/#website\"},\"datePublished\":\"2023-09-12T17:14:17+00:00\",\"dateModified\":\"2024-04-24T19:13:54+00:00\",\"description\":\"Somos expertos en firma eletr\u00f3nica y emisores en proceso de acreditaci\u00f3n de firma elextr\u00f3nica calificad\",\"breadcrumb\":{\"@id\":\"https:\/\/firmatech.io\/informacion\/#breadcrumb\"},\"inLanguage\":\"en-US\",\"potentialAction\":[{\"@type\":\"ReadAction\",\"target\":[\"https:\/\/firmatech.io\/informacion\/\"]}]},{\"@type\":\"BreadcrumbList\",\"@id\":\"https:\/\/firmatech.io\/informacion\/#breadcrumb\",\"itemListElement\":[{\"@type\":\"ListItem\",\"position\":1,\"name\":\"Portada\",\"item\":\"https:\/\/firmatech.io\/en\/\"},{\"@type\":\"ListItem\",\"position\":2,\"name\":\"Information\"}]},{\"@type\":\"WebSite\",\"@id\":\"https:\/\/firmatech.io\/#website\",\"url\":\"https:\/\/firmatech.io\/\",\"name\":\"FirmaTech\",\"description\":\"Somos expertos en firma eletr\u00f3nica y emisores en proceso de acreditaci\u00f3n de firma elextr\u00f3nica calificad\",\"publisher\":{\"@id\":\"https:\/\/firmatech.io\/#organization\"},\"alternateName\":\"FirmaTech\",\"potentialAction\":[{\"@type\":\"SearchAction\",\"target\":{\"@type\":\"EntryPoint\",\"urlTemplate\":\"https:\/\/firmatech.io\/?s={search_term_string}\"},\"query-input\":\"required name=search_term_string\"}],\"inLanguage\":\"en-US\"},{\"@type\":\"Organization\",\"@id\":\"https:\/\/firmatech.io\/#organization\",\"name\":\"FirmaTech\",\"alternateName\":\"Firma Tech\",\"url\":\"https:\/\/firmatech.io\/\",\"logo\":{\"@type\":\"ImageObject\",\"inLanguage\":\"en-US\",\"@id\":\"https:\/\/firmatech.io\/#\/schema\/logo\/image\/\",\"url\":\"https:\/\/firmatech.io\/wp-content\/uploads\/2023\/07\/favicon.png\",\"contentUrl\":\"https:\/\/firmatech.io\/wp-content\/uploads\/2023\/07\/favicon.png\",\"width\":512,\"height\":512,\"caption\":\"FirmaTech\"},\"image\":{\"@id\":\"https:\/\/firmatech.io\/#\/schema\/logo\/image\/\"}}]}<\/script>\n<!-- \/ Yoast SEO plugin. -->","yoast_head_json":{"title":"Information | FirmaTech","description":"Somos expertos en firma eletr\u00f3nica y emisores en proceso de acreditaci\u00f3n de firma elextr\u00f3nica calificad","robots":{"index":"index","follow":"follow","max-snippet":"max-snippet:-1","max-image-preview":"max-image-preview:large","max-video-preview":"max-video-preview:-1"},"canonical":"https:\/\/firmatech.io\/informacion\/","og_locale":"en_US","og_type":"article","og_title":"Information | FirmaTech","og_description":"Somos expertos en firma eletr\u00f3nica y emisores en proceso de acreditaci\u00f3n de firma elextr\u00f3nica calificad","og_url":"https:\/\/firmatech.io\/informacion\/","og_site_name":"FirmaTech","article_modified_time":"2024-04-24T19:13:54+00:00","og_image":[{"width":770,"height":448,"url":"https:\/\/firmatech.io\/wp-content\/uploads\/2024\/01\/PRINCIPAL-VERTICAL-1.png","type":"image\/png"}],"twitter_card":"summary_large_image","twitter_misc":{"Est. reading time":"1 minute"},"schema":{"@context":"https:\/\/schema.org","@graph":[{"@type":"WebPage","@id":"https:\/\/firmatech.io\/informacion\/","url":"https:\/\/firmatech.io\/informacion\/","name":"Information | FirmaTech","isPartOf":{"@id":"https:\/\/firmatech.io\/#website"},"datePublished":"2023-09-12T17:14:17+00:00","dateModified":"2024-04-24T19:13:54+00:00","description":"Somos expertos en firma eletr\u00f3nica y emisores en proceso de acreditaci\u00f3n de firma elextr\u00f3nica calificad","breadcrumb":{"@id":"https:\/\/firmatech.io\/informacion\/#breadcrumb"},"inLanguage":"en-US","potentialAction":[{"@type":"ReadAction","target":["https:\/\/firmatech.io\/informacion\/"]}]},{"@type":"BreadcrumbList","@id":"https:\/\/firmatech.io\/informacion\/#breadcrumb","itemListElement":[{"@type":"ListItem","position":1,"name":"Portada","item":"https:\/\/firmatech.io\/en\/"},{"@type":"ListItem","position":2,"name":"Information"}]},{"@type":"WebSite","@id":"https:\/\/firmatech.io\/#website","url":"https:\/\/firmatech.io\/","name":"FirmaTech","description":"Somos expertos en firma eletr\u00f3nica y emisores en proceso de acreditaci\u00f3n de firma elextr\u00f3nica calificad","publisher":{"@id":"https:\/\/firmatech.io\/#organization"},"alternateName":"FirmaTech","potentialAction":[{"@type":"SearchAction","target":{"@type":"EntryPoint","urlTemplate":"https:\/\/firmatech.io\/?s={search_term_string}"},"query-input":"required name=search_term_string"}],"inLanguage":"en-US"},{"@type":"Organization","@id":"https:\/\/firmatech.io\/#organization","name":"FirmaTech","alternateName":"Firma Tech","url":"https:\/\/firmatech.io\/","logo":{"@type":"ImageObject","inLanguage":"en-US","@id":"https:\/\/firmatech.io\/#\/schema\/logo\/image\/","url":"https:\/\/firmatech.io\/wp-content\/uploads\/2023\/07\/favicon.png","contentUrl":"https:\/\/firmatech.io\/wp-content\/uploads\/2023\/07\/favicon.png","width":512,"height":512,"caption":"FirmaTech"},"image":{"@id":"https:\/\/firmatech.io\/#\/schema\/logo\/image\/"}}]}},"_links":{"self":[{"href":"https:\/\/firmatech.io\/en\/wp-json\/wp\/v2\/pages\/1543"}],"collection":[{"href":"https:\/\/firmatech.io\/en\/wp-json\/wp\/v2\/pages"}],"about":[{"href":"https:\/\/firmatech.io\/en\/wp-json\/wp\/v2\/types\/page"}],"author":[{"embeddable":true,"href":"https:\/\/firmatech.io\/en\/wp-json\/wp\/v2\/users\/1"}],"replies":[{"embeddable":true,"href":"https:\/\/firmatech.io\/en\/wp-json\/wp\/v2\/comments?post=1543"}],"version-history":[{"count":6,"href":"https:\/\/firmatech.io\/en\/wp-json\/wp\/v2\/pages\/1543\/revisions"}],"predecessor-version":[{"id":1788,"href":"https:\/\/firmatech.io\/en\/wp-json\/wp\/v2\/pages\/1543\/revisions\/1788"}],"wp:attachment":[{"href":"https:\/\/firmatech.io\/en\/wp-json\/wp\/v2\/media?parent=1543"}],"curies":[{"name":"wp","href":"https:\/\/api.w.org\/{rel}","templated":true}]}}