{"id":1705,"date":"2024-02-05T15:34:08","date_gmt":"2024-02-05T15:34:08","guid":{"rendered":"https:\/\/firmatech.io\/certificado\/"},"modified":"2024-04-24T20:46:35","modified_gmt":"2024-04-24T20:46:35","slug":"certificado","status":"publish","type":"page","link":"https:\/\/firmatech.io\/en\/certificado\/","title":{"rendered":"Certificates"},"content":{"rendered":"<div class=\"wpb-content-wrapper\"><p>[vc_section conditional_render=&#8221;%5B%7B%22value_role%22%3A%22administrator%22%7D%5D&#8221; css=&#8221;.vc_custom_1694454743375{padding-top: 50px !important;padding-bottom: 35px !important;background-color: rgba(43,99,217,0.06) !important;*background-color: rgb(43,99,217) !important;}&#8221; el_class=&#8221;content-float-header&#8221;][vc_row css=&#8221;.vc_custom_1690487554998{padding-bottom: 25px !important;}&#8221; conditional_render=&#8221;%5B%7B%22value_role%22%3A%22administrator%22%7D%5D&#8221;][vc_column offset=&#8221;vc_col-md-offset-3 vc_col-md-6&#8243; conditional_render=&#8221;%5B%7B%22value_role%22%3A%22administrator%22%7D%5D&#8221;]<div class=\"porto-u-heading  wpb_custom_db37236efc069e0dce1184b277a9b870 porto-u-8537 \"><div class=\"porto-u-sub-heading\" style=\"\">Hierarchies<\/div><style>.porto-u-8537.porto-u-heading{text-align:center}<\/style><\/div>[\/vc_column][\/vc_row][vc_row el_class=&#8221;img-float-header&#8221; conditional_render=&#8221;%5B%7B%22value_role%22%3A%22administrator%22%7D%5D&#8221;][vc_column][vc_single_image image=&#8221;954&#8243; img_size=&#8221;full&#8221; alignment=&#8221;center&#8221; css=&#8221;.vc_custom_1694454941539{margin-bottom: 0px !important;}&#8221;][\/vc_column][\/vc_row][\/vc_section][vc_section conditional_render=&#8221;%5B%7B%22value_role%22%3A%22administrator%22%7D%5D&#8221;][vc_row wrap_container=&#8221;yes&#8221; css=&#8221;.vc_custom_1690558262668{margin-bottom: 25px !important;}&#8221; conditional_render=&#8221;%5B%7B%22value_role%22%3A%22administrator%22%7D%5D&#8221; el_class=&#8221;reverse py-lg-3&#8243;][vc_column conditional_render=&#8221;%5B%7B%22value_role%22%3A%22administrator%22%7D%5D&#8221;]<div class=\"porto-u-heading  wpb_custom_db37236efc069e0dce1184b277a9b870 porto-u-2972 \"><div class=\"porto-u-sub-heading\" style=\"\">CONFIGURATION OF THE ELECTRONIC SIGNATURE<br \/>\n<\/div><style>.porto-u-2972.porto-u-heading{text-align:left}<\/style><\/div>[\/vc_column][\/vc_row][vc_row wrap_container=&#8221;yes&#8221; conditional_render=&#8221;%5B%7B%22value_role%22%3A%22administrator%22%7D%5D&#8221; css=&#8221;.vc_custom_1707146360961{padding-bottom: 50px !important;}&#8221;][vc_column][vc_tta_accordion style=&#8221;flat&#8221; color=&#8221;white&#8221; gap=&#8221;5&#8243; c_align=&#8221;left&#8221; c_icon=&#8221;chevron&#8221; c_position=&#8221;right&#8221; active_section=&#8221;&#8221;][vc_tta_section title=&#8221;FIRMATECH Root Certification Authority&#8221; tab_id=&#8221;1707146318854-e31eb16b-e00b885b-5e01&#8243;][vc_raw_html css=&#8221;.vc_custom_1708960841537{margin-bottom: 10px !important;padding-top: 25px !important;}&#8221; el_class=&#8221;content-services btn-white&#8221;]JTNDZGl2JTIwY2xhc3MlM0QlMjJidG4tdmVyLW1hcyUyMGZvbmRvJTIyJTNFJTBBJTIwJTIwJTNDYSUyMGhyZWYlM0QlMjJodHRwcyUzQSUyRiUyRmZpcm1hdGVjaC5pbyUyRmNlcnRpZmljYWRvcyUyRnJhaXpmaXJtYXRlY2guY2VyJTIyJTIwdGFyZ2V0JTNEJTIyX2JsYW5rJTIyJTNFRG93bmxvYWQlMjBDZXJ0aWZpY2F0ZSUyMCUzQ2ltZyUyMHNyYyUzRCUyMiUyRndwLWNvbnRlbnQlMkZ1cGxvYWRzJTJGMjAyMyUyRjA3JTJGYXJyb3ctdy5zdmclMjIlM0UlM0MlMkZhJTNFJTBBJTNDJTJGZGl2JTNF[\/vc_raw_html][\/vc_tta_section][vc_tta_section title=&#8221;Subordinate Certification Authority&#8221; tab_id=&#8221;1707145967654-d6f0ebb6-2280885b-5e01&#8243;][vc_raw_html css=&#8221;.vc_custom_1708960873461{margin-bottom: 10px !important;padding-top: 25px !important;}&#8221; el_class=&#8221;content-services btn-white&#8221;]JTNDZGl2JTIwY2xhc3MlM0QlMjJidG4tdmVyLW1hcyUyMGZvbmRvJTIyJTNFJTBBJTIwJTIwJTNDYSUyMGhyZWYlM0QlMjJodHRwcyUzQSUyRiUyRmZpcm1hdGVjaC5pbyUyRmNlcnRpZmljYWRvcyUyRnN1Ym9yZGluYWRhZmlybWF0ZWNoLmNlciUyMiUyMHRhcmdldCUzRCUyMl9ibGFuayUyMiUzRURvd25sb2FkJTIwQ2VydGlmaWNhdGUlMjAlM0NpbWclMjBzcmMlM0QlMjIlMkZ3cC1jb250ZW50JTJGdXBsb2FkcyUyRjIwMjMlMkYwNyUyRmFycm93LXcuc3ZnJTIyJTNFJTNDJTJGYSUzRSUwQSUzQyUyRmRpdiUzRQ==[\/vc_raw_html][\/vc_tta_section][\/vc_tta_accordion][\/vc_column][\/vc_row][\/vc_section][vc_section conditional_render=&#8221;%5B%7B%22value_role%22%3A%22administrator%22%7D%5D&#8221; css=&#8221;.vc_custom_1705072814999{background-color: rgba(43,99,217,0.06) !important;*background-color: rgb(43,99,217) !important;}&#8221;][vc_row css=&#8221;.vc_custom_1694453614889{padding-top: 50px !important;padding-bottom: 60px !important;}&#8221; conditional_render=&#8221;%5B%7B%22value_role%22%3A%22administrator%22%7D%5D&#8221;][vc_column offset=&#8221;vc_col-md-offset-3 vc_col-md-6&#8243; conditional_render=&#8221;%5B%7B%22value_role%22%3A%22administrator%22%7D%5D&#8221; el_class=&#8221;px-lg-5&#8243;]<div class=\"porto-u-heading  wpb_custom_95aa9a11c17ad45cfabaf210d84ee7cc porto-u-4968 \"><div class=\"porto-u-main-heading\"><h2  >For companies with requirements of more than 100 signatures or Government Entities. Contact us now.<\/h2><\/div><style>.porto-u-4968.porto-u-heading{text-align:center}<\/style><\/div>[vc_raw_html css=&#8221;.vc_custom_1713991594203{margin-bottom: 10px !important;padding-top: 25px !important;}&#8221; el_class=&#8221;content-services btn-white&#8221;]JTNDZGl2JTIwY2xhc3MlM0QlMjJidG4tdmVyLW1hcyUyMGZvbmRvJTIyJTNFJTBBJTIwJTIwJTNDYSUyMGhyZWYlM0QlMjJodHRwcyUzQSUyRiUyRmZpcm1hdGVjaC5pbyUyRmVuJTJGaW5mb3JtYXRpb24lMkYlMjIlM0VDb250YWN0JTIwVXMlMjAlM0NpbWclMjBzcmMlM0QlMjJodHRwcyUzQSUyRiUyRmRldmVsb3AxLndlYnN0dWRpb3BhbmFtYS5jb20lMkZmaXJtYXRlY2glMkZ3cC1jb250ZW50JTJGdXBsb2FkcyUyRjIwMjMlMkYwNyUyRmFycm93LXcuc3ZnJTIyJTNFJTNDJTJGYSUzRSUwQSUzQyUyRmRpdiUzRQ==[\/vc_raw_html][\/vc_column][\/vc_row][\/vc_section]<\/p>\n<\/div>","protected":false},"excerpt":{"rendered":"<p>[vc_section conditional_render=&#8221;%5B%7B%22value_role%22%3A%22administrator%22%7D%5D&#8221; css=&#8221;.vc_custom_1694454743375{padding-top: 50px !important;padding-bottom: 35px !important;background-color: rgba(43,99,217,0.06) !important;*background-color: rgb(43,99,217) !important;}&#8221; el_class=&#8221;content-float-header&#8221;][vc_row css=&#8221;.vc_custom_1690487554998{padding-bottom: 25px !important;}&#8221; conditional_render=&#8221;%5B%7B%22value_role%22%3A%22administrator%22%7D%5D&#8221;][vc_column offset=&#8221;vc_col-md-offset-3 vc_col-md-6&#8243; conditional_render=&#8221;%5B%7B%22value_role%22%3A%22administrator%22%7D%5D&#8221;][\/vc_column][\/vc_row][vc_row el_class=&#8221;img-float-header&#8221; conditional_render=&#8221;%5B%7B%22value_role%22%3A%22administrator%22%7D%5D&#8221;][vc_column][vc_single_image image=&#8221;954&#8243; img_size=&#8221;full&#8221; alignment=&#8221;center&#8221; css=&#8221;.vc_custom_1694454941539{margin-bottom: 0px !important;}&#8221;][\/vc_column][\/vc_row][\/vc_section][vc_section conditional_render=&#8221;%5B%7B%22value_role%22%3A%22administrator%22%7D%5D&#8221;][vc_row wrap_container=&#8221;yes&#8221; css=&#8221;.vc_custom_1690558262668{margin-bottom: 25px !important;}&#8221; conditional_render=&#8221;%5B%7B%22value_role%22%3A%22administrator%22%7D%5D&#8221; el_class=&#8221;reverse py-lg-3&#8243;][vc_column conditional_render=&#8221;%5B%7B%22value_role%22%3A%22administrator%22%7D%5D&#8221;][\/vc_column][\/vc_row][vc_row wrap_container=&#8221;yes&#8221; conditional_render=&#8221;%5B%7B%22value_role%22%3A%22administrator%22%7D%5D&#8221; css=&#8221;.vc_custom_1707146360961{padding-bottom: 50px !important;}&#8221;][vc_column][vc_tta_accordion style=&#8221;flat&#8221; color=&#8221;white&#8221; gap=&#8221;5&#8243; c_align=&#8221;left&#8221; c_icon=&#8221;chevron&#8221; c_position=&#8221;right&#8221; active_section=&#8221;&#8221;][vc_tta_section title=&#8221;FIRMATECH Root Certification Authority&#8221; tab_id=&#8221;1707146318854-e31eb16b-e00b885b-5e01&#8243;][vc_raw_html css=&#8221;.vc_custom_1708960841537{margin-bottom: 10px [&hellip;]<\/p>\n","protected":false},"author":1,"featured_media":0,"parent":0,"menu_order":0,"comment_status":"closed","ping_status":"closed","template":"","meta":{"_acf_changed":false,"inline_featured_image":false,"footnotes":""},"class_list":["post-1705","page","type-page","status-publish","hentry"],"acf":[],"yoast_head":"<!-- This site is optimized with the Yoast SEO plugin v23.0 - https:\/\/yoast.com\/wordpress\/plugins\/seo\/ -->\n<title>Certificates | FirmaTech<\/title>\n<meta name=\"description\" content=\"Somos expertos en firma eletr\u00f3nica y emisores en proceso de acreditaci\u00f3n de firma elextr\u00f3nica calificad\" \/>\n<meta name=\"robots\" content=\"index, follow, max-snippet:-1, max-image-preview:large, max-video-preview:-1\" \/>\n<link rel=\"canonical\" href=\"https:\/\/firmatech.io\/en\/certificado\/\" \/>\n<meta property=\"og:locale\" content=\"en_US\" \/>\n<meta property=\"og:type\" content=\"article\" \/>\n<meta property=\"og:title\" content=\"Certificates | FirmaTech\" \/>\n<meta property=\"og:description\" content=\"Somos expertos en firma eletr\u00f3nica y emisores en proceso de acreditaci\u00f3n de firma elextr\u00f3nica calificad\" \/>\n<meta property=\"og:url\" content=\"https:\/\/firmatech.io\/en\/certificado\/\" \/>\n<meta property=\"og:site_name\" content=\"FirmaTech\" \/>\n<meta property=\"article:modified_time\" content=\"2024-04-24T20:46:35+00:00\" \/>\n<meta property=\"og:image\" content=\"https:\/\/firmatech.io\/wp-content\/uploads\/2024\/01\/PRINCIPAL-VERTICAL-1.png\" \/>\n\t<meta property=\"og:image:width\" content=\"770\" \/>\n\t<meta property=\"og:image:height\" content=\"448\" \/>\n\t<meta property=\"og:image:type\" content=\"image\/png\" \/>\n<meta name=\"twitter:card\" content=\"summary_large_image\" \/>\n<meta name=\"twitter:label1\" content=\"Est. reading time\" \/>\n\t<meta name=\"twitter:data1\" content=\"1 minute\" \/>\n<script type=\"application\/ld+json\" class=\"yoast-schema-graph\">{\"@context\":\"https:\/\/schema.org\",\"@graph\":[{\"@type\":\"WebPage\",\"@id\":\"https:\/\/firmatech.io\/en\/certificado\/\",\"url\":\"https:\/\/firmatech.io\/en\/certificado\/\",\"name\":\"Certificates | FirmaTech\",\"isPartOf\":{\"@id\":\"https:\/\/firmatech.io\/#website\"},\"datePublished\":\"2024-02-05T15:34:08+00:00\",\"dateModified\":\"2024-04-24T20:46:35+00:00\",\"description\":\"Somos expertos en firma eletr\u00f3nica y emisores en proceso de acreditaci\u00f3n de firma elextr\u00f3nica calificad\",\"breadcrumb\":{\"@id\":\"https:\/\/firmatech.io\/en\/certificado\/#breadcrumb\"},\"inLanguage\":\"en-US\",\"potentialAction\":[{\"@type\":\"ReadAction\",\"target\":[\"https:\/\/firmatech.io\/en\/certificado\/\"]}]},{\"@type\":\"BreadcrumbList\",\"@id\":\"https:\/\/firmatech.io\/en\/certificado\/#breadcrumb\",\"itemListElement\":[{\"@type\":\"ListItem\",\"position\":1,\"name\":\"Portada\",\"item\":\"https:\/\/firmatech.io\/en\/\"},{\"@type\":\"ListItem\",\"position\":2,\"name\":\"Certificates\"}]},{\"@type\":\"WebSite\",\"@id\":\"https:\/\/firmatech.io\/#website\",\"url\":\"https:\/\/firmatech.io\/\",\"name\":\"FirmaTech\",\"description\":\"Somos expertos en firma eletr\u00f3nica y emisores en proceso de acreditaci\u00f3n de firma elextr\u00f3nica calificad\",\"publisher\":{\"@id\":\"https:\/\/firmatech.io\/#organization\"},\"alternateName\":\"FirmaTech\",\"potentialAction\":[{\"@type\":\"SearchAction\",\"target\":{\"@type\":\"EntryPoint\",\"urlTemplate\":\"https:\/\/firmatech.io\/?s={search_term_string}\"},\"query-input\":\"required name=search_term_string\"}],\"inLanguage\":\"en-US\"},{\"@type\":\"Organization\",\"@id\":\"https:\/\/firmatech.io\/#organization\",\"name\":\"FirmaTech\",\"alternateName\":\"Firma Tech\",\"url\":\"https:\/\/firmatech.io\/\",\"logo\":{\"@type\":\"ImageObject\",\"inLanguage\":\"en-US\",\"@id\":\"https:\/\/firmatech.io\/#\/schema\/logo\/image\/\",\"url\":\"https:\/\/firmatech.io\/wp-content\/uploads\/2023\/07\/favicon.png\",\"contentUrl\":\"https:\/\/firmatech.io\/wp-content\/uploads\/2023\/07\/favicon.png\",\"width\":512,\"height\":512,\"caption\":\"FirmaTech\"},\"image\":{\"@id\":\"https:\/\/firmatech.io\/#\/schema\/logo\/image\/\"}}]}<\/script>\n<!-- \/ Yoast SEO plugin. -->","yoast_head_json":{"title":"Certificates | FirmaTech","description":"Somos expertos en firma eletr\u00f3nica y emisores en proceso de acreditaci\u00f3n de firma elextr\u00f3nica calificad","robots":{"index":"index","follow":"follow","max-snippet":"max-snippet:-1","max-image-preview":"max-image-preview:large","max-video-preview":"max-video-preview:-1"},"canonical":"https:\/\/firmatech.io\/en\/certificado\/","og_locale":"en_US","og_type":"article","og_title":"Certificates | FirmaTech","og_description":"Somos expertos en firma eletr\u00f3nica y emisores en proceso de acreditaci\u00f3n de firma elextr\u00f3nica calificad","og_url":"https:\/\/firmatech.io\/en\/certificado\/","og_site_name":"FirmaTech","article_modified_time":"2024-04-24T20:46:35+00:00","og_image":[{"width":770,"height":448,"url":"https:\/\/firmatech.io\/wp-content\/uploads\/2024\/01\/PRINCIPAL-VERTICAL-1.png","type":"image\/png"}],"twitter_card":"summary_large_image","twitter_misc":{"Est. reading time":"1 minute"},"schema":{"@context":"https:\/\/schema.org","@graph":[{"@type":"WebPage","@id":"https:\/\/firmatech.io\/en\/certificado\/","url":"https:\/\/firmatech.io\/en\/certificado\/","name":"Certificates | FirmaTech","isPartOf":{"@id":"https:\/\/firmatech.io\/#website"},"datePublished":"2024-02-05T15:34:08+00:00","dateModified":"2024-04-24T20:46:35+00:00","description":"Somos expertos en firma eletr\u00f3nica y emisores en proceso de acreditaci\u00f3n de firma elextr\u00f3nica calificad","breadcrumb":{"@id":"https:\/\/firmatech.io\/en\/certificado\/#breadcrumb"},"inLanguage":"en-US","potentialAction":[{"@type":"ReadAction","target":["https:\/\/firmatech.io\/en\/certificado\/"]}]},{"@type":"BreadcrumbList","@id":"https:\/\/firmatech.io\/en\/certificado\/#breadcrumb","itemListElement":[{"@type":"ListItem","position":1,"name":"Portada","item":"https:\/\/firmatech.io\/en\/"},{"@type":"ListItem","position":2,"name":"Certificates"}]},{"@type":"WebSite","@id":"https:\/\/firmatech.io\/#website","url":"https:\/\/firmatech.io\/","name":"FirmaTech","description":"Somos expertos en firma eletr\u00f3nica y emisores en proceso de acreditaci\u00f3n de firma elextr\u00f3nica calificad","publisher":{"@id":"https:\/\/firmatech.io\/#organization"},"alternateName":"FirmaTech","potentialAction":[{"@type":"SearchAction","target":{"@type":"EntryPoint","urlTemplate":"https:\/\/firmatech.io\/?s={search_term_string}"},"query-input":"required name=search_term_string"}],"inLanguage":"en-US"},{"@type":"Organization","@id":"https:\/\/firmatech.io\/#organization","name":"FirmaTech","alternateName":"Firma Tech","url":"https:\/\/firmatech.io\/","logo":{"@type":"ImageObject","inLanguage":"en-US","@id":"https:\/\/firmatech.io\/#\/schema\/logo\/image\/","url":"https:\/\/firmatech.io\/wp-content\/uploads\/2023\/07\/favicon.png","contentUrl":"https:\/\/firmatech.io\/wp-content\/uploads\/2023\/07\/favicon.png","width":512,"height":512,"caption":"FirmaTech"},"image":{"@id":"https:\/\/firmatech.io\/#\/schema\/logo\/image\/"}}]}},"_links":{"self":[{"href":"https:\/\/firmatech.io\/en\/wp-json\/wp\/v2\/pages\/1705"}],"collection":[{"href":"https:\/\/firmatech.io\/en\/wp-json\/wp\/v2\/pages"}],"about":[{"href":"https:\/\/firmatech.io\/en\/wp-json\/wp\/v2\/types\/page"}],"author":[{"embeddable":true,"href":"https:\/\/firmatech.io\/en\/wp-json\/wp\/v2\/users\/1"}],"replies":[{"embeddable":true,"href":"https:\/\/firmatech.io\/en\/wp-json\/wp\/v2\/comments?post=1705"}],"version-history":[{"count":4,"href":"https:\/\/firmatech.io\/en\/wp-json\/wp\/v2\/pages\/1705\/revisions"}],"predecessor-version":[{"id":1829,"href":"https:\/\/firmatech.io\/en\/wp-json\/wp\/v2\/pages\/1705\/revisions\/1829"}],"wp:attachment":[{"href":"https:\/\/firmatech.io\/en\/wp-json\/wp\/v2\/media?parent=1705"}],"curies":[{"name":"wp","href":"https:\/\/api.w.org\/{rel}","templated":true}]}}