{"id":1586,"date":"2024-02-01T17:13:19","date_gmt":"2024-02-01T17:13:19","guid":{"rendered":"https:\/\/firmatech.io\/?post_type=product&#038;p=1586"},"modified":"2024-02-01T17:38:42","modified_gmt":"2024-02-01T17:38:42","slug":"certificado-digital","status":"publish","type":"product","link":"https:\/\/firmatech.io\/en\/product\/certificado-digital\/","title":{"rendered":"Certificado Digital"},"content":{"rendered":"","protected":false},"excerpt":{"rendered":"","protected":false},"featured_media":0,"template":"","meta":{"_acf_changed":false,"inline_featured_image":false},"product_cat":[19],"product_tag":[],"class_list":{"0":"post-1586","1":"product","2":"type-product","3":"status-publish","5":"product_cat-electronics","7":"first","8":"instock","9":"sale","10":"virtual","11":"taxable","12":"purchasable","13":"product-type-simple"},"acf":[],"yoast_head":"<!-- This site is optimized with the Yoast SEO plugin v23.0 - https:\/\/yoast.com\/wordpress\/plugins\/seo\/ -->\n<title>Certificado Digital | FirmaTech<\/title>\n<meta name=\"robots\" content=\"index, follow, max-snippet:-1, max-image-preview:large, max-video-preview:-1\" \/>\n<link rel=\"canonical\" href=\"https:\/\/firmatech.io\/product\/certificado-digital\/\" \/>\n<meta property=\"og:locale\" content=\"en_US\" \/>\n<meta property=\"og:type\" content=\"article\" \/>\n<meta property=\"og:title\" content=\"Certificado Digital | FirmaTech\" \/>\n<meta property=\"og:url\" content=\"https:\/\/firmatech.io\/product\/certificado-digital\/\" \/>\n<meta property=\"og:site_name\" content=\"FirmaTech\" \/>\n<meta property=\"article:modified_time\" content=\"2024-02-01T17:38:42+00:00\" \/>\n<meta property=\"og:image\" content=\"https:\/\/firmatech.io\/wp-content\/uploads\/2024\/01\/PRINCIPAL-VERTICAL-1.png\" \/>\n\t<meta property=\"og:image:width\" content=\"770\" \/>\n\t<meta property=\"og:image:height\" content=\"448\" \/>\n\t<meta property=\"og:image:type\" content=\"image\/png\" \/>\n<meta name=\"twitter:card\" content=\"summary_large_image\" \/>\n<script type=\"application\/ld+json\" class=\"yoast-schema-graph\">{\"@context\":\"https:\/\/schema.org\",\"@graph\":[{\"@type\":\"WebPage\",\"@id\":\"https:\/\/firmatech.io\/product\/certificado-digital\/\",\"url\":\"https:\/\/firmatech.io\/product\/certificado-digital\/\",\"name\":\"Certificado Digital | FirmaTech\",\"isPartOf\":{\"@id\":\"https:\/\/firmatech.io\/#website\"},\"datePublished\":\"2024-02-01T17:13:19+00:00\",\"dateModified\":\"2024-02-01T17:38:42+00:00\",\"breadcrumb\":{\"@id\":\"https:\/\/firmatech.io\/product\/certificado-digital\/#breadcrumb\"},\"inLanguage\":\"en-US\",\"potentialAction\":[{\"@type\":\"ReadAction\",\"target\":[\"https:\/\/firmatech.io\/product\/certificado-digital\/\"]}]},{\"@type\":\"BreadcrumbList\",\"@id\":\"https:\/\/firmatech.io\/product\/certificado-digital\/#breadcrumb\",\"itemListElement\":[{\"@type\":\"ListItem\",\"position\":1,\"name\":\"Portada\",\"item\":\"https:\/\/firmatech.io\/en\/\"},{\"@type\":\"ListItem\",\"position\":2,\"name\":\"Productos\",\"item\":\"https:\/\/firmatech.io\/shop\/\"},{\"@type\":\"ListItem\",\"position\":3,\"name\":\"Certificado Digital\"}]},{\"@type\":\"WebSite\",\"@id\":\"https:\/\/firmatech.io\/#website\",\"url\":\"https:\/\/firmatech.io\/\",\"name\":\"FirmaTech\",\"description\":\"Somos expertos en firma eletr\u00f3nica y emisores en proceso de acreditaci\u00f3n de firma elextr\u00f3nica calificad\",\"publisher\":{\"@id\":\"https:\/\/firmatech.io\/#organization\"},\"alternateName\":\"FirmaTech\",\"potentialAction\":[{\"@type\":\"SearchAction\",\"target\":{\"@type\":\"EntryPoint\",\"urlTemplate\":\"https:\/\/firmatech.io\/?s={search_term_string}\"},\"query-input\":\"required name=search_term_string\"}],\"inLanguage\":\"en-US\"},{\"@type\":\"Organization\",\"@id\":\"https:\/\/firmatech.io\/#organization\",\"name\":\"FirmaTech\",\"alternateName\":\"Firma Tech\",\"url\":\"https:\/\/firmatech.io\/\",\"logo\":{\"@type\":\"ImageObject\",\"inLanguage\":\"en-US\",\"@id\":\"https:\/\/firmatech.io\/#\/schema\/logo\/image\/\",\"url\":\"https:\/\/firmatech.io\/wp-content\/uploads\/2023\/07\/favicon.png\",\"contentUrl\":\"https:\/\/firmatech.io\/wp-content\/uploads\/2023\/07\/favicon.png\",\"width\":512,\"height\":512,\"caption\":\"FirmaTech\"},\"image\":{\"@id\":\"https:\/\/firmatech.io\/#\/schema\/logo\/image\/\"}}]}<\/script>\n<!-- \/ Yoast SEO plugin. -->","yoast_head_json":{"title":"Certificado Digital | FirmaTech","robots":{"index":"index","follow":"follow","max-snippet":"max-snippet:-1","max-image-preview":"max-image-preview:large","max-video-preview":"max-video-preview:-1"},"canonical":"https:\/\/firmatech.io\/product\/certificado-digital\/","og_locale":"en_US","og_type":"article","og_title":"Certificado Digital | FirmaTech","og_url":"https:\/\/firmatech.io\/product\/certificado-digital\/","og_site_name":"FirmaTech","article_modified_time":"2024-02-01T17:38:42+00:00","og_image":[{"width":770,"height":448,"url":"https:\/\/firmatech.io\/wp-content\/uploads\/2024\/01\/PRINCIPAL-VERTICAL-1.png","type":"image\/png"}],"twitter_card":"summary_large_image","schema":{"@context":"https:\/\/schema.org","@graph":[{"@type":"WebPage","@id":"https:\/\/firmatech.io\/product\/certificado-digital\/","url":"https:\/\/firmatech.io\/product\/certificado-digital\/","name":"Certificado Digital | FirmaTech","isPartOf":{"@id":"https:\/\/firmatech.io\/#website"},"datePublished":"2024-02-01T17:13:19+00:00","dateModified":"2024-02-01T17:38:42+00:00","breadcrumb":{"@id":"https:\/\/firmatech.io\/product\/certificado-digital\/#breadcrumb"},"inLanguage":"en-US","potentialAction":[{"@type":"ReadAction","target":["https:\/\/firmatech.io\/product\/certificado-digital\/"]}]},{"@type":"BreadcrumbList","@id":"https:\/\/firmatech.io\/product\/certificado-digital\/#breadcrumb","itemListElement":[{"@type":"ListItem","position":1,"name":"Portada","item":"https:\/\/firmatech.io\/en\/"},{"@type":"ListItem","position":2,"name":"Productos","item":"https:\/\/firmatech.io\/shop\/"},{"@type":"ListItem","position":3,"name":"Certificado Digital"}]},{"@type":"WebSite","@id":"https:\/\/firmatech.io\/#website","url":"https:\/\/firmatech.io\/","name":"FirmaTech","description":"Somos expertos en firma eletr\u00f3nica y emisores en proceso de acreditaci\u00f3n de firma elextr\u00f3nica calificad","publisher":{"@id":"https:\/\/firmatech.io\/#organization"},"alternateName":"FirmaTech","potentialAction":[{"@type":"SearchAction","target":{"@type":"EntryPoint","urlTemplate":"https:\/\/firmatech.io\/?s={search_term_string}"},"query-input":"required name=search_term_string"}],"inLanguage":"en-US"},{"@type":"Organization","@id":"https:\/\/firmatech.io\/#organization","name":"FirmaTech","alternateName":"Firma Tech","url":"https:\/\/firmatech.io\/","logo":{"@type":"ImageObject","inLanguage":"en-US","@id":"https:\/\/firmatech.io\/#\/schema\/logo\/image\/","url":"https:\/\/firmatech.io\/wp-content\/uploads\/2023\/07\/favicon.png","contentUrl":"https:\/\/firmatech.io\/wp-content\/uploads\/2023\/07\/favicon.png","width":512,"height":512,"caption":"FirmaTech"},"image":{"@id":"https:\/\/firmatech.io\/#\/schema\/logo\/image\/"}}]}},"_links":{"self":[{"href":"https:\/\/firmatech.io\/en\/wp-json\/wp\/v2\/product\/1586"}],"collection":[{"href":"https:\/\/firmatech.io\/en\/wp-json\/wp\/v2\/product"}],"about":[{"href":"https:\/\/firmatech.io\/en\/wp-json\/wp\/v2\/types\/product"}],"wp:attachment":[{"href":"https:\/\/firmatech.io\/en\/wp-json\/wp\/v2\/media?parent=1586"}],"wp:term":[{"taxonomy":"product_cat","embeddable":true,"href":"https:\/\/firmatech.io\/en\/wp-json\/wp\/v2\/product_cat?post=1586"},{"taxonomy":"product_tag","embeddable":true,"href":"https:\/\/firmatech.io\/en\/wp-json\/wp\/v2\/product_tag?post=1586"}],"curies":[{"name":"wp","href":"https:\/\/api.w.org\/{rel}","templated":true}]}}