{"id":1983,"date":"2024-07-19T22:50:35","date_gmt":"2024-07-19T22:50:35","guid":{"rendered":"https:\/\/firmatech.io\/?post_type=product&#038;p=1983"},"modified":"2024-08-19T16:59:12","modified_gmt":"2024-08-19T21:59:12","slug":"firma-electronica-para-factura-2-anos","status":"publish","type":"product","link":"https:\/\/firmatech.io\/en\/product\/firma-electronica-para-factura-2-anos\/","title":{"rendered":"Firma Electr\u00f3nica para Factura &#8211; 2 a\u00f1os"},"content":{"rendered":"","protected":false},"excerpt":{"rendered":"","protected":false},"featured_media":957,"template":"","meta":{"_acf_changed":false,"inline_featured_image":false},"product_cat":[57],"product_tag":[],"class_list":{"0":"post-1983","1":"product","2":"type-product","3":"status-publish","4":"has-post-thumbnail","6":"product_cat-certificado","8":"first","9":"instock","10":"sold-individually","11":"taxable","12":"shipping-taxable","13":"purchasable","14":"product-type-simple"},"acf":[],"yoast_head":"<!-- This site is optimized with the Yoast SEO plugin v23.0 - https:\/\/yoast.com\/wordpress\/plugins\/seo\/ -->\n<title>Firma Electr\u00f3nica para Factura - 2 a\u00f1os | FirmaTech<\/title>\n<meta name=\"robots\" content=\"index, follow, max-snippet:-1, max-image-preview:large, max-video-preview:-1\" \/>\n<link rel=\"canonical\" href=\"https:\/\/firmatech.io\/product\/firma-electronica-para-factura-2-anos\/\" \/>\n<meta property=\"og:locale\" content=\"en_US\" \/>\n<meta property=\"og:type\" content=\"article\" \/>\n<meta property=\"og:title\" content=\"Firma Electr\u00f3nica para Factura - 2 a\u00f1os | FirmaTech\" \/>\n<meta property=\"og:url\" content=\"https:\/\/firmatech.io\/product\/firma-electronica-para-factura-2-anos\/\" \/>\n<meta property=\"og:site_name\" content=\"FirmaTech\" \/>\n<meta property=\"article:modified_time\" content=\"2024-08-19T21:59:12+00:00\" \/>\n<meta property=\"og:image\" content=\"https:\/\/firmatech.io\/wp-content\/uploads\/2023\/07\/cropped-favicon.png\" \/>\n\t<meta property=\"og:image:width\" content=\"512\" \/>\n\t<meta property=\"og:image:height\" content=\"512\" \/>\n\t<meta property=\"og:image:type\" content=\"image\/png\" \/>\n<meta name=\"twitter:card\" content=\"summary_large_image\" \/>\n<meta name=\"twitter:label1\" content=\"Est. reading time\" \/>\n\t<meta name=\"twitter:data1\" content=\"1 minute\" \/>\n<script type=\"application\/ld+json\" class=\"yoast-schema-graph\">{\"@context\":\"https:\/\/schema.org\",\"@graph\":[{\"@type\":\"WebPage\",\"@id\":\"https:\/\/firmatech.io\/product\/firma-electronica-para-factura-2-anos\/\",\"url\":\"https:\/\/firmatech.io\/product\/firma-electronica-para-factura-2-anos\/\",\"name\":\"Firma Electr\u00f3nica para Factura - 2 a\u00f1os | FirmaTech\",\"isPartOf\":{\"@id\":\"https:\/\/firmatech.io\/#website\"},\"primaryImageOfPage\":{\"@id\":\"https:\/\/firmatech.io\/product\/firma-electronica-para-factura-2-anos\/#primaryimage\"},\"image\":{\"@id\":\"https:\/\/firmatech.io\/product\/firma-electronica-para-factura-2-anos\/#primaryimage\"},\"thumbnailUrl\":\"https:\/\/firmatech.io\/wp-content\/uploads\/2023\/07\/cropped-favicon.png\",\"datePublished\":\"2024-07-19T22:50:35+00:00\",\"dateModified\":\"2024-08-19T21:59:12+00:00\",\"breadcrumb\":{\"@id\":\"https:\/\/firmatech.io\/product\/firma-electronica-para-factura-2-anos\/#breadcrumb\"},\"inLanguage\":\"en-US\",\"potentialAction\":[{\"@type\":\"ReadAction\",\"target\":[\"https:\/\/firmatech.io\/product\/firma-electronica-para-factura-2-anos\/\"]}]},{\"@type\":\"ImageObject\",\"inLanguage\":\"en-US\",\"@id\":\"https:\/\/firmatech.io\/product\/firma-electronica-para-factura-2-anos\/#primaryimage\",\"url\":\"https:\/\/firmatech.io\/wp-content\/uploads\/2023\/07\/cropped-favicon.png\",\"contentUrl\":\"https:\/\/firmatech.io\/wp-content\/uploads\/2023\/07\/cropped-favicon.png\",\"width\":512,\"height\":512},{\"@type\":\"BreadcrumbList\",\"@id\":\"https:\/\/firmatech.io\/product\/firma-electronica-para-factura-2-anos\/#breadcrumb\",\"itemListElement\":[{\"@type\":\"ListItem\",\"position\":1,\"name\":\"Portada\",\"item\":\"https:\/\/firmatech.io\/en\/\"},{\"@type\":\"ListItem\",\"position\":2,\"name\":\"Productos\",\"item\":\"https:\/\/firmatech.io\/shop\/\"},{\"@type\":\"ListItem\",\"position\":3,\"name\":\"Firma Electr\u00f3nica para Factura &#8211; 2 a\u00f1os\"}]},{\"@type\":\"WebSite\",\"@id\":\"https:\/\/firmatech.io\/#website\",\"url\":\"https:\/\/firmatech.io\/\",\"name\":\"FirmaTech\",\"description\":\"Somos expertos en firma eletr\u00f3nica y emisores en proceso de acreditaci\u00f3n de firma elextr\u00f3nica calificad\",\"publisher\":{\"@id\":\"https:\/\/firmatech.io\/#organization\"},\"alternateName\":\"FirmaTech\",\"potentialAction\":[{\"@type\":\"SearchAction\",\"target\":{\"@type\":\"EntryPoint\",\"urlTemplate\":\"https:\/\/firmatech.io\/?s={search_term_string}\"},\"query-input\":\"required name=search_term_string\"}],\"inLanguage\":\"en-US\"},{\"@type\":\"Organization\",\"@id\":\"https:\/\/firmatech.io\/#organization\",\"name\":\"FirmaTech\",\"alternateName\":\"Firma Tech\",\"url\":\"https:\/\/firmatech.io\/\",\"logo\":{\"@type\":\"ImageObject\",\"inLanguage\":\"en-US\",\"@id\":\"https:\/\/firmatech.io\/#\/schema\/logo\/image\/\",\"url\":\"https:\/\/firmatech.io\/wp-content\/uploads\/2023\/07\/favicon.png\",\"contentUrl\":\"https:\/\/firmatech.io\/wp-content\/uploads\/2023\/07\/favicon.png\",\"width\":512,\"height\":512,\"caption\":\"FirmaTech\"},\"image\":{\"@id\":\"https:\/\/firmatech.io\/#\/schema\/logo\/image\/\"}}]}<\/script>\n<!-- \/ Yoast SEO plugin. -->","yoast_head_json":{"title":"Firma Electr\u00f3nica para Factura - 2 a\u00f1os | FirmaTech","robots":{"index":"index","follow":"follow","max-snippet":"max-snippet:-1","max-image-preview":"max-image-preview:large","max-video-preview":"max-video-preview:-1"},"canonical":"https:\/\/firmatech.io\/product\/firma-electronica-para-factura-2-anos\/","og_locale":"en_US","og_type":"article","og_title":"Firma Electr\u00f3nica para Factura - 2 a\u00f1os | FirmaTech","og_url":"https:\/\/firmatech.io\/product\/firma-electronica-para-factura-2-anos\/","og_site_name":"FirmaTech","article_modified_time":"2024-08-19T21:59:12+00:00","og_image":[{"width":512,"height":512,"url":"https:\/\/firmatech.io\/wp-content\/uploads\/2023\/07\/cropped-favicon.png","type":"image\/png"}],"twitter_card":"summary_large_image","twitter_misc":{"Est. reading time":"1 minute"},"schema":{"@context":"https:\/\/schema.org","@graph":[{"@type":"WebPage","@id":"https:\/\/firmatech.io\/product\/firma-electronica-para-factura-2-anos\/","url":"https:\/\/firmatech.io\/product\/firma-electronica-para-factura-2-anos\/","name":"Firma Electr\u00f3nica para Factura - 2 a\u00f1os | FirmaTech","isPartOf":{"@id":"https:\/\/firmatech.io\/#website"},"primaryImageOfPage":{"@id":"https:\/\/firmatech.io\/product\/firma-electronica-para-factura-2-anos\/#primaryimage"},"image":{"@id":"https:\/\/firmatech.io\/product\/firma-electronica-para-factura-2-anos\/#primaryimage"},"thumbnailUrl":"https:\/\/firmatech.io\/wp-content\/uploads\/2023\/07\/cropped-favicon.png","datePublished":"2024-07-19T22:50:35+00:00","dateModified":"2024-08-19T21:59:12+00:00","breadcrumb":{"@id":"https:\/\/firmatech.io\/product\/firma-electronica-para-factura-2-anos\/#breadcrumb"},"inLanguage":"en-US","potentialAction":[{"@type":"ReadAction","target":["https:\/\/firmatech.io\/product\/firma-electronica-para-factura-2-anos\/"]}]},{"@type":"ImageObject","inLanguage":"en-US","@id":"https:\/\/firmatech.io\/product\/firma-electronica-para-factura-2-anos\/#primaryimage","url":"https:\/\/firmatech.io\/wp-content\/uploads\/2023\/07\/cropped-favicon.png","contentUrl":"https:\/\/firmatech.io\/wp-content\/uploads\/2023\/07\/cropped-favicon.png","width":512,"height":512},{"@type":"BreadcrumbList","@id":"https:\/\/firmatech.io\/product\/firma-electronica-para-factura-2-anos\/#breadcrumb","itemListElement":[{"@type":"ListItem","position":1,"name":"Portada","item":"https:\/\/firmatech.io\/en\/"},{"@type":"ListItem","position":2,"name":"Productos","item":"https:\/\/firmatech.io\/shop\/"},{"@type":"ListItem","position":3,"name":"Firma Electr\u00f3nica para Factura &#8211; 2 a\u00f1os"}]},{"@type":"WebSite","@id":"https:\/\/firmatech.io\/#website","url":"https:\/\/firmatech.io\/","name":"FirmaTech","description":"Somos expertos en firma eletr\u00f3nica y emisores en proceso de acreditaci\u00f3n de firma elextr\u00f3nica calificad","publisher":{"@id":"https:\/\/firmatech.io\/#organization"},"alternateName":"FirmaTech","potentialAction":[{"@type":"SearchAction","target":{"@type":"EntryPoint","urlTemplate":"https:\/\/firmatech.io\/?s={search_term_string}"},"query-input":"required name=search_term_string"}],"inLanguage":"en-US"},{"@type":"Organization","@id":"https:\/\/firmatech.io\/#organization","name":"FirmaTech","alternateName":"Firma Tech","url":"https:\/\/firmatech.io\/","logo":{"@type":"ImageObject","inLanguage":"en-US","@id":"https:\/\/firmatech.io\/#\/schema\/logo\/image\/","url":"https:\/\/firmatech.io\/wp-content\/uploads\/2023\/07\/favicon.png","contentUrl":"https:\/\/firmatech.io\/wp-content\/uploads\/2023\/07\/favicon.png","width":512,"height":512,"caption":"FirmaTech"},"image":{"@id":"https:\/\/firmatech.io\/#\/schema\/logo\/image\/"}}]}},"_links":{"self":[{"href":"https:\/\/firmatech.io\/en\/wp-json\/wp\/v2\/product\/1983"}],"collection":[{"href":"https:\/\/firmatech.io\/en\/wp-json\/wp\/v2\/product"}],"about":[{"href":"https:\/\/firmatech.io\/en\/wp-json\/wp\/v2\/types\/product"}],"wp:featuredmedia":[{"embeddable":true,"href":"https:\/\/firmatech.io\/en\/wp-json\/wp\/v2\/media\/957"}],"wp:attachment":[{"href":"https:\/\/firmatech.io\/en\/wp-json\/wp\/v2\/media?parent=1983"}],"wp:term":[{"taxonomy":"product_cat","embeddable":true,"href":"https:\/\/firmatech.io\/en\/wp-json\/wp\/v2\/product_cat?post=1983"},{"taxonomy":"product_tag","embeddable":true,"href":"https:\/\/firmatech.io\/en\/wp-json\/wp\/v2\/product_tag?post=1983"}],"curies":[{"name":"wp","href":"https:\/\/api.w.org\/{rel}","templated":true}]}}